{"id":1082,"date":"2024-08-29T17:54:16","date_gmt":"2024-08-29T14:54:16","guid":{"rendered":"https:\/\/www.parathirostoaigaio.gr\/fr\/?page_id=1082"},"modified":"2025-04-27T13:22:04","modified_gmt":"2025-04-27T10:22:04","slug":"accomodation-policy","status":"publish","type":"page","link":"https:\/\/www.parathirostoaigaio.gr\/en\/accomodation-policy\/","title":{"rendered":"Accomodation Policy"},"content":{"rendered":"\n<style type=\"text\/css\" data-created_by=\"avia_inline_auto\" id=\"style-css-av-5x2tt6-3558b767e19cacb41fdaec09125335d8\">\n.avia-section.av-5x2tt6-3558b767e19cacb41fdaec09125335d8{\nbackground-repeat:no-repeat;\nbackground-image:url(https:\/\/www.parathirostoaigaio.gr\/en\/wp-content\/uploads\/2020\/06\/\u039d-11-1024x430.jpg);\nbackground-position:50% 100%;\nbackground-attachment:scroll;\n}\n<\/style>\n<div id='av_section_1'  class='avia-section av-5x2tt6-3558b767e19cacb41fdaec09125335d8 main_color avia-section-default avia-no-shadow  avia-builder-el-0  el_before_av_image  avia-builder-el-first  avia-full-stretch avia-bg-style-scroll av-minimum-height av-minimum-height-custom av-height-custom  container_wrap fullsize'  data-section-bg-repeat='stretch' data-av_minimum_height_px='250'><div class='container av-section-cont-open' style='height:250px'><main  role=\"main\" itemprop=\"mainContentOfPage\"  class='template-page content  av-content-full alpha units'><div class='post-entry post-entry-type-page post-entry-1082'><div class='entry-content-wrapper clearfix'>\n\n<style type=\"text\/css\" data-created_by=\"avia_inline_auto\" id=\"style-css-av-m6gnmyfk-b64f417655b51110755139023335f5df\">\n#top .av-special-heading.av-m6gnmyfk-b64f417655b51110755139023335f5df{\npadding-bottom:10px;\n}\nbody .av-special-heading.av-m6gnmyfk-b64f417655b51110755139023335f5df .av-special-heading-tag .heading-char{\nfont-size:25px;\n}\n.av-special-heading.av-m6gnmyfk-b64f417655b51110755139023335f5df .av-subheading{\nfont-size:15px;\n}\n<\/style>\n<div  class='av-special-heading av-m6gnmyfk-b64f417655b51110755139023335f5df av-special-heading-h1 blockquote classic-quote classic-quote-left  avia-builder-el-1  avia-builder-el-no-sibling '><h1 class='av-special-heading-tag '  itemprop=\"headline\"  >Accommodation Policy<\/h1><div class=\"special-heading-border\"><div class=\"special-heading-inner-border\"><\/div><\/div><\/div>\n<\/div><\/div><\/main><!-- close content main element --><\/div><\/div><div id='after_section_1'  class='main_color av_default_container_wrap container_wrap fullsize'  ><div class='container av-section-cont-open' ><div class='template-page content  av-content-full alpha units'><div class='post-entry post-entry-type-page post-entry-1082'><div class='entry-content-wrapper clearfix'>\n<style type=\"text\/css\" data-created_by=\"avia_inline_auto\" id=\"style-css-av-m9zi2fk6-4c8003da2ffd1cd8bfe04383b5da3340\">\n.avia-image-container.av-m9zi2fk6-4c8003da2ffd1cd8bfe04383b5da3340 img.avia_image{\nbox-shadow:none;\n}\n.avia-image-container.av-m9zi2fk6-4c8003da2ffd1cd8bfe04383b5da3340 .av-image-caption-overlay-center{\ncolor:#ffffff;\n}\n<\/style>\n<div  class='avia-image-container av-m9zi2fk6-4c8003da2ffd1cd8bfe04383b5da3340 av-styling- avia-align-center  avia-builder-el-2  el_after_av_section  avia-builder-el-no-sibling '   itemprop=\"image\" itemscope=\"itemscope\" itemtype=\"https:\/\/schema.org\/ImageObject\" ><div class=\"avia-image-container-inner\"><div class=\"avia-image-overlay-wrap\"><img decoding=\"async\" fetchpriority=\"high\" class='wp-image-1158 avia-img-lazy-loading-not-1158 avia_image ' src=\"https:\/\/www.parathirostoaigaio.gr\/en\/wp-content\/uploads\/2025\/04\/politiki_en-1030x884.jpg\" alt='' title='politiki_en'  height=\"884\" width=\"1030\"  itemprop=\"thumbnailUrl\" srcset=\"https:\/\/www.parathirostoaigaio.gr\/en\/wp-content\/uploads\/2025\/04\/politiki_en-1030x884.jpg 1030w, https:\/\/www.parathirostoaigaio.gr\/en\/wp-content\/uploads\/2025\/04\/politiki_en-300x258.jpg 300w, https:\/\/www.parathirostoaigaio.gr\/en\/wp-content\/uploads\/2025\/04\/politiki_en-768x659.jpg 768w, https:\/\/www.parathirostoaigaio.gr\/en\/wp-content\/uploads\/2025\/04\/politiki_en-705x605.jpg 705w, https:\/\/www.parathirostoaigaio.gr\/en\/wp-content\/uploads\/2025\/04\/politiki_en-450x386.jpg 450w, https:\/\/www.parathirostoaigaio.gr\/en\/wp-content\/uploads\/2025\/04\/politiki_en-600x515.jpg 600w, https:\/\/www.parathirostoaigaio.gr\/en\/wp-content\/uploads\/2025\/04\/politiki_en.jpg 1412w\" sizes=\"(max-width: 1030px) 100vw, 1030px\" \/><\/div><\/div><\/div><\/p>\n","protected":false},"excerpt":{"rendered":"","protected":false},"author":1,"featured_media":0,"parent":0,"menu_order":0,"comment_status":"open","ping_status":"closed","template":"","meta":{"footnotes":""},"class_list":["post-1082","page","type-page","status-publish","hentry"],"yoast_head":"<!-- This site is optimized with the Yoast SEO plugin v27.6 - https:\/\/yoast.com\/product\/yoast-seo-wordpress\/ -->\n<title>Accomodation Policy - Window in the Aegean 1&amp;2<\/title>\n<meta name=\"robots\" content=\"index, follow, max-snippet:-1, max-image-preview:large, max-video-preview:-1\" \/>\n<link rel=\"canonical\" href=\"https:\/\/www.parathirostoaigaio.gr\/en\/accomodation-policy\/\" \/>\n<meta property=\"og:locale\" content=\"el_GR\" \/>\n<meta property=\"og:type\" content=\"article\" \/>\n<meta property=\"og:title\" content=\"Accomodation Policy - Window in the Aegean 1&amp;2\" \/>\n<meta property=\"og:url\" content=\"https:\/\/www.parathirostoaigaio.gr\/en\/accomodation-policy\/\" \/>\n<meta property=\"og:site_name\" content=\"Window in the Aegean 1&amp;2\" \/>\n<meta property=\"article:publisher\" content=\"https:\/\/www.facebook.com\/parathirostoaigaio2\/\" \/>\n<meta property=\"article:modified_time\" content=\"2025-04-27T10:22:04+00:00\" \/>\n<meta name=\"twitter:card\" content=\"summary_large_image\" \/>\n<meta name=\"twitter:label1\" content=\"\u0395\u03ba\u03c4\u03b9\u03bc\u03ce\u03bc\u03b5\u03bd\u03bf\u03c2 \u03c7\u03c1\u03cc\u03bd\u03bf\u03c2 \u03b1\u03bd\u03ac\u03b3\u03bd\u03c9\u03c3\u03b7\u03c2\" \/>\n\t<meta name=\"twitter:data1\" content=\"1 \u03bb\u03b5\u03c0\u03c4\u03cc\" \/>\n<script type=\"application\/ld+json\" class=\"yoast-schema-graph\">{\"@context\":\"https:\\\/\\\/schema.org\",\"@graph\":[{\"@type\":\"WebPage\",\"@id\":\"https:\\\/\\\/www.parathirostoaigaio.gr\\\/en\\\/accomodation-policy\\\/\",\"url\":\"https:\\\/\\\/www.parathirostoaigaio.gr\\\/en\\\/accomodation-policy\\\/\",\"name\":\"Accomodation Policy - Window in the Aegean 1&amp;2\",\"isPartOf\":{\"@id\":\"https:\\\/\\\/www.parathirostoaigaio.gr\\\/en\\\/#website\"},\"datePublished\":\"2024-08-29T14:54:16+00:00\",\"dateModified\":\"2025-04-27T10:22:04+00:00\",\"breadcrumb\":{\"@id\":\"https:\\\/\\\/www.parathirostoaigaio.gr\\\/en\\\/accomodation-policy\\\/#breadcrumb\"},\"inLanguage\":\"el\",\"potentialAction\":[{\"@type\":\"ReadAction\",\"target\":[\"https:\\\/\\\/www.parathirostoaigaio.gr\\\/en\\\/accomodation-policy\\\/\"]}]},{\"@type\":\"BreadcrumbList\",\"@id\":\"https:\\\/\\\/www.parathirostoaigaio.gr\\\/en\\\/accomodation-policy\\\/#breadcrumb\",\"itemListElement\":[{\"@type\":\"ListItem\",\"position\":1,\"name\":\"\u0391\u03c1\u03c7\u03b9\u03ba\u03ae\",\"item\":\"https:\\\/\\\/www.parathirostoaigaio.gr\\\/en\\\/welcome\\\/\"},{\"@type\":\"ListItem\",\"position\":2,\"name\":\"Accomodation Policy\"}]},{\"@type\":\"WebSite\",\"@id\":\"https:\\\/\\\/www.parathirostoaigaio.gr\\\/en\\\/#website\",\"url\":\"https:\\\/\\\/www.parathirostoaigaio.gr\\\/en\\\/\",\"name\":\"Fen\u00eatre sur la Mer Eg\u00e9e 1&2-Appartements lou\u00e9s, \u00eele de Tinos, Cyclades, Gr\u00e8ce\",\"description\":\"Rented Apartments in Tinos Island, Cyclades, Greece\",\"publisher\":{\"@id\":\"https:\\\/\\\/www.parathirostoaigaio.gr\\\/en\\\/#organization\"},\"potentialAction\":[{\"@type\":\"SearchAction\",\"target\":{\"@type\":\"EntryPoint\",\"urlTemplate\":\"https:\\\/\\\/www.parathirostoaigaio.gr\\\/en\\\/?s={search_term_string}\"},\"query-input\":{\"@type\":\"PropertyValueSpecification\",\"valueRequired\":true,\"valueName\":\"search_term_string\"}}],\"inLanguage\":\"el\"},{\"@type\":\"Organization\",\"@id\":\"https:\\\/\\\/www.parathirostoaigaio.gr\\\/en\\\/#organization\",\"name\":\"Fen\u00eatre sur la Mer Eg\u00e9e 1&2-Appartements lou\u00e9s, \u00eele de Tinos, Cyclades, Gr\u00e8ce\",\"url\":\"https:\\\/\\\/www.parathirostoaigaio.gr\\\/en\\\/\",\"logo\":{\"@type\":\"ImageObject\",\"inLanguage\":\"el\",\"@id\":\"https:\\\/\\\/www.parathirostoaigaio.gr\\\/en\\\/#\\\/schema\\\/logo\\\/image\\\/\",\"url\":\"https:\\\/\\\/www.parathirostoaigaio.gr\\\/en\\\/wp-content\\\/uploads\\\/2020\\\/06\\\/Image_13.jpg\",\"contentUrl\":\"https:\\\/\\\/www.parathirostoaigaio.gr\\\/en\\\/wp-content\\\/uploads\\\/2020\\\/06\\\/Image_13.jpg\",\"width\":1930,\"height\":1286,\"caption\":\"Fen\u00eatre sur la Mer Eg\u00e9e 1&2-Appartements lou\u00e9s, \u00eele de Tinos, Cyclades, Gr\u00e8ce\"},\"image\":{\"@id\":\"https:\\\/\\\/www.parathirostoaigaio.gr\\\/en\\\/#\\\/schema\\\/logo\\\/image\\\/\"},\"sameAs\":[\"https:\\\/\\\/www.facebook.com\\\/parathirostoaigaio2\\\/\"]}]}<\/script>\n<!-- \/ Yoast SEO plugin. -->","yoast_head_json":{"title":"Accomodation Policy - Window in the Aegean 1&amp;2","robots":{"index":"index","follow":"follow","max-snippet":"max-snippet:-1","max-image-preview":"max-image-preview:large","max-video-preview":"max-video-preview:-1"},"canonical":"https:\/\/www.parathirostoaigaio.gr\/en\/accomodation-policy\/","og_locale":"el_GR","og_type":"article","og_title":"Accomodation Policy - Window in the Aegean 1&amp;2","og_url":"https:\/\/www.parathirostoaigaio.gr\/en\/accomodation-policy\/","og_site_name":"Window in the Aegean 1&amp;2","article_publisher":"https:\/\/www.facebook.com\/parathirostoaigaio2\/","article_modified_time":"2025-04-27T10:22:04+00:00","twitter_card":"summary_large_image","twitter_misc":{"\u0395\u03ba\u03c4\u03b9\u03bc\u03ce\u03bc\u03b5\u03bd\u03bf\u03c2 \u03c7\u03c1\u03cc\u03bd\u03bf\u03c2 \u03b1\u03bd\u03ac\u03b3\u03bd\u03c9\u03c3\u03b7\u03c2":"1 \u03bb\u03b5\u03c0\u03c4\u03cc"},"schema":{"@context":"https:\/\/schema.org","@graph":[{"@type":"WebPage","@id":"https:\/\/www.parathirostoaigaio.gr\/en\/accomodation-policy\/","url":"https:\/\/www.parathirostoaigaio.gr\/en\/accomodation-policy\/","name":"Accomodation Policy - Window in the Aegean 1&amp;2","isPartOf":{"@id":"https:\/\/www.parathirostoaigaio.gr\/en\/#website"},"datePublished":"2024-08-29T14:54:16+00:00","dateModified":"2025-04-27T10:22:04+00:00","breadcrumb":{"@id":"https:\/\/www.parathirostoaigaio.gr\/en\/accomodation-policy\/#breadcrumb"},"inLanguage":"el","potentialAction":[{"@type":"ReadAction","target":["https:\/\/www.parathirostoaigaio.gr\/en\/accomodation-policy\/"]}]},{"@type":"BreadcrumbList","@id":"https:\/\/www.parathirostoaigaio.gr\/en\/accomodation-policy\/#breadcrumb","itemListElement":[{"@type":"ListItem","position":1,"name":"\u0391\u03c1\u03c7\u03b9\u03ba\u03ae","item":"https:\/\/www.parathirostoaigaio.gr\/en\/welcome\/"},{"@type":"ListItem","position":2,"name":"Accomodation Policy"}]},{"@type":"WebSite","@id":"https:\/\/www.parathirostoaigaio.gr\/en\/#website","url":"https:\/\/www.parathirostoaigaio.gr\/en\/","name":"Fen\u00eatre sur la Mer Eg\u00e9e 1&2-Appartements lou\u00e9s, \u00eele de Tinos, Cyclades, Gr\u00e8ce","description":"Rented Apartments in Tinos Island, Cyclades, Greece","publisher":{"@id":"https:\/\/www.parathirostoaigaio.gr\/en\/#organization"},"potentialAction":[{"@type":"SearchAction","target":{"@type":"EntryPoint","urlTemplate":"https:\/\/www.parathirostoaigaio.gr\/en\/?s={search_term_string}"},"query-input":{"@type":"PropertyValueSpecification","valueRequired":true,"valueName":"search_term_string"}}],"inLanguage":"el"},{"@type":"Organization","@id":"https:\/\/www.parathirostoaigaio.gr\/en\/#organization","name":"Fen\u00eatre sur la Mer Eg\u00e9e 1&2-Appartements lou\u00e9s, \u00eele de Tinos, Cyclades, Gr\u00e8ce","url":"https:\/\/www.parathirostoaigaio.gr\/en\/","logo":{"@type":"ImageObject","inLanguage":"el","@id":"https:\/\/www.parathirostoaigaio.gr\/en\/#\/schema\/logo\/image\/","url":"https:\/\/www.parathirostoaigaio.gr\/en\/wp-content\/uploads\/2020\/06\/Image_13.jpg","contentUrl":"https:\/\/www.parathirostoaigaio.gr\/en\/wp-content\/uploads\/2020\/06\/Image_13.jpg","width":1930,"height":1286,"caption":"Fen\u00eatre sur la Mer Eg\u00e9e 1&2-Appartements lou\u00e9s, \u00eele de Tinos, Cyclades, Gr\u00e8ce"},"image":{"@id":"https:\/\/www.parathirostoaigaio.gr\/en\/#\/schema\/logo\/image\/"},"sameAs":["https:\/\/www.facebook.com\/parathirostoaigaio2\/"]}]}},"_links":{"self":[{"href":"https:\/\/www.parathirostoaigaio.gr\/en\/wp-json\/wp\/v2\/pages\/1082","targetHints":{"allow":["GET"]}}],"collection":[{"href":"https:\/\/www.parathirostoaigaio.gr\/en\/wp-json\/wp\/v2\/pages"}],"about":[{"href":"https:\/\/www.parathirostoaigaio.gr\/en\/wp-json\/wp\/v2\/types\/page"}],"author":[{"embeddable":true,"href":"https:\/\/www.parathirostoaigaio.gr\/en\/wp-json\/wp\/v2\/users\/1"}],"replies":[{"embeddable":true,"href":"https:\/\/www.parathirostoaigaio.gr\/en\/wp-json\/wp\/v2\/comments?post=1082"}],"version-history":[{"count":9,"href":"https:\/\/www.parathirostoaigaio.gr\/en\/wp-json\/wp\/v2\/pages\/1082\/revisions"}],"predecessor-version":[{"id":1159,"href":"https:\/\/www.parathirostoaigaio.gr\/en\/wp-json\/wp\/v2\/pages\/1082\/revisions\/1159"}],"wp:attachment":[{"href":"https:\/\/www.parathirostoaigaio.gr\/en\/wp-json\/wp\/v2\/media?parent=1082"}],"curies":[{"name":"wp","href":"https:\/\/api.w.org\/{rel}","templated":true}]}}