{"id":156,"date":"2015-07-16T09:12:51","date_gmt":"2015-07-16T09:12:51","guid":{"rendered":"http:\/\/test.kriesi.at\/minimal-portfolio\/?page_id=156"},"modified":"2025-01-28T18:44:45","modified_gmt":"2025-01-28T15:44:45","slug":"contactus","status":"publish","type":"page","link":"https:\/\/www.parathirostoaigaio.gr\/en\/contactus\/","title":{"rendered":"Contact us"},"content":{"rendered":"\n<style type=\"text\/css\" data-created_by=\"avia_inline_auto\" id=\"style-css-av-4uygpw-eac1999da498eecefacfde51cd22a455\">\n.avia-section.av-4uygpw-eac1999da498eecefacfde51cd22a455{\nbackground-repeat:no-repeat;\nbackground-image:url(https:\/\/www.parathirostoaigaio.gr\/en\/wp-content\/uploads\/2020\/06\/Tinos_10-1030x579.jpg);\nbackground-position:50% 50%;\nbackground-attachment:scroll;\n}\n.avia-section.av-4uygpw-eac1999da498eecefacfde51cd22a455 .av-extra-border-element .av-extra-border-inner{\nbackground-color:#ffffff;\n}\n<\/style>\n<div id='av_section_1'  class='avia-section av-4uygpw-eac1999da498eecefacfde51cd22a455 main_color avia-section-no-padding avia-shadow  avia-builder-el-0  el_before_av_one_full  avia-builder-el-first  avia-full-stretch avia-bg-style-scroll av-arrow-down-section container_wrap fullsize'  data-section-bg-repeat='stretch'><div class='container av-section-cont-open' ><main  role=\"main\" itemprop=\"mainContentOfPage\"  class='template-page content  av-content-full alpha units'><div class='post-entry post-entry-type-page post-entry-156'><div class='entry-content-wrapper clearfix'>\n\n<style type=\"text\/css\" data-created_by=\"avia_inline_auto\" id=\"style-css-av-4raow4-e53892c0a4d9f2d3dac6408c8024d051\">\n#top .hr.hr-invisible.av-4raow4-e53892c0a4d9f2d3dac6408c8024d051{\nheight:20px;\n}\n<\/style>\n<div  class='hr av-4raow4-e53892c0a4d9f2d3dac6408c8024d051 hr-invisible  avia-builder-el-1  el_before_av_one_full  avia-builder-el-first '><span class='hr-inner '><span class=\"hr-inner-style\"><\/span><\/span><\/div>\n\n<style type=\"text\/css\" data-created_by=\"avia_inline_auto\" id=\"style-css-av-4lvo24-68cb091a664bc9c2157ba72fe72d6768\">\n.flex_column.av-4lvo24-68cb091a664bc9c2157ba72fe72d6768{\nborder-radius:0px 0px 0px 0px;\npadding:50px 50px 50px 50px;\nbackground-color:rgba(255,255,255,0.6);\n}\n<\/style>\n<div  class='flex_column av-4lvo24-68cb091a664bc9c2157ba72fe72d6768 av_one_full  avia-builder-el-2  el_after_av_hr  avia-builder-el-last  first flex_column_div av-animated-generic bottom-to-top avia-full-stretch  '     ><p>\n<style type=\"text\/css\" data-created_by=\"avia_inline_auto\" id=\"style-css-av-l3k1cfw1-ff2776f28c5a8308cc99cb581739ade5\">\n#top .av-special-heading.av-l3k1cfw1-ff2776f28c5a8308cc99cb581739ade5{\npadding-bottom:10px;\n}\nbody .av-special-heading.av-l3k1cfw1-ff2776f28c5a8308cc99cb581739ade5 .av-special-heading-tag .heading-char{\nfont-size:25px;\n}\n.av-special-heading.av-l3k1cfw1-ff2776f28c5a8308cc99cb581739ade5 .av-subheading{\nfont-size:15px;\n}\n<\/style>\n<div  class='av-special-heading av-l3k1cfw1-ff2776f28c5a8308cc99cb581739ade5 av-special-heading-h1 blockquote classic-quote classic-quote-left  avia-builder-el-3  el_before_av_button  avia-builder-el-first '><h1 class='av-special-heading-tag '  itemprop=\"headline\"  >Contact us<\/h1><div class=\"special-heading-border\"><div class=\"special-heading-inner-border\"><\/div><\/div><\/div><br \/>\n<div  class='avia-button-wrap av-l3k1ic45-5a6ce5a1c5400cfe553170a677ec99d0-wrap avia-button-center  avia-builder-el-4  el_after_av_heading  el_before_av_iconlist '><a href='https:\/\/filvis.formaloo.net\/window-fr'  class='avia-button av-l3k1ic45-5a6ce5a1c5400cfe553170a677ec99d0 av-link-btn avia-icon_select-yes-left-icon avia-size-large avia-position-center avia-color-red'  target=\"_blank\"  rel=\"noopener noreferrer\"  aria-label=\"Click me\"><span class='avia_button_icon avia_button_icon_left avia-iconfont avia-font-entypo-fontello' data-av_icon='\ue805' data-av_iconfont='entypo-fontello' ><\/span><span class='avia_iconbox_title' >Click me<\/span><\/a><\/div><br \/>\n<div  class='avia-icon-list-container av-l3kfg06t-6368941c64cc40f76b70df8ab54f9f6b  avia-builder-el-5  el_after_av_button  avia-builder-el-last '><ul class='avia-icon-list avia_animate_when_almost_visible avia-icon-list-left av-iconlist-big av-l3kfg06t-6368941c64cc40f76b70df8ab54f9f6b avia-iconlist-animate'>\n<li><div class='iconlist_icon av-l3kfeowu-b694695f7ad027e05fb1ef4b3848c3d0 avia-font-entypo-fontello avia-iconfont avia-font-entypo-fontello'><span class='av-icon-char' data-av_icon='\ue805' data-av_iconfont='entypo-fontello' aria-hidden=\"true\"><\/span><\/div><article class=\"article-icon-entry \"  itemscope=\"itemscope\" itemtype=\"https:\/\/schema.org\/CreativeWork\" ><div class=\"iconlist_content_wrap\"><header class=\"entry-content-header\" aria-label=\"Icon: e-mail\"><h4 class='av_iconlist_title iconlist_title  '  itemprop=\"headline\" >e-mail<\/h4><\/header><div class='iconlist_content '  itemprop=\"text\" ><p>info at parathirostoaigaio.gr<\/p>\n<\/div><\/div><footer class=\"entry-footer\"><\/footer><\/article><div class=\"iconlist-timeline\"><\/div><\/li>\n<li><div class='iconlist_icon av-l3kff55g-7d0d2267fc291e45f27ec7e2a49c47dd avia-font-entypo-fontello avia-iconfont avia-font-entypo-fontello'><span class='av-icon-char' data-av_icon='\ue8ac' data-av_iconfont='entypo-fontello' aria-hidden=\"true\"><\/span><\/div><article class=\"article-icon-entry \"  itemscope=\"itemscope\" itemtype=\"https:\/\/schema.org\/CreativeWork\" ><div class=\"iconlist_content_wrap\"><header class=\"entry-content-header\" aria-label=\"Icon: Mob &amp; Viber\"><h4 class='av_iconlist_title iconlist_title  '  itemprop=\"headline\" >Mob & Viber<\/h4><\/header><div class='iconlist_content '  itemprop=\"text\" ><p>(0030)6937913140<\/p>\n<p>(0030)6931220186<\/p>\n<p>(0030)6939282049<\/p>\n<p>(0030)6978104762<\/p>\n<p>(0030)6944322220<\/p>\n<\/div><\/div><footer class=\"entry-footer\"><\/footer><\/article><div class=\"iconlist-timeline\"><\/div><\/li>\n<li><div class='iconlist_icon av-l3kffyyc-c10dcb12b4dc67e199acd317cb649108 avia-font-entypo-fontello avia-iconfont avia-font-entypo-fontello'><span class='av-icon-char' data-av_icon='\ue8ac' data-av_iconfont='entypo-fontello' aria-hidden=\"true\"><\/span><\/div><article class=\"article-icon-entry \"  itemscope=\"itemscope\" itemtype=\"https:\/\/schema.org\/CreativeWork\" ><div class=\"iconlist_content_wrap\"><header class=\"entry-content-header\" aria-label=\"Icon: WhatsApp\"><h4 class='av_iconlist_title iconlist_title  '  itemprop=\"headline\" >WhatsApp<\/h4><\/header><div class='iconlist_content '  itemprop=\"text\" ><p>(0030)6944322220<\/p>\n<\/div><\/div><footer class=\"entry-footer\"><\/footer><\/article><div class=\"iconlist-timeline\"><\/div><\/li>\n<\/ul><\/div><\/p><\/div><\/div><\/div><\/main><!-- close content main element --><\/div><div class='av-extra-border-element border-extra-arrow-down'><div class='av-extra-border-outer'><div class='av-extra-border-inner'><\/div><\/div><\/div><\/div><div id='after_section_1'  class='main_color av_default_container_wrap container_wrap fullsize'  ><div class='container av-section-cont-open' ><div class='template-page content  av-content-full alpha units'><div class='post-entry post-entry-type-page post-entry-156'><div class='entry-content-wrapper clearfix'>\n<style type=\"text\/css\" data-created_by=\"avia_inline_auto\" id=\"style-css-av-b29b8-c3be32fdf8e99db13197b16b89668c7c\">\n.flex_column.av-b29b8-c3be32fdf8e99db13197b16b89668c7c{\nborder-radius:0px 0px 0px 0px;\npadding:0px 0px 0px 0px;\n}\n<\/style>\n<div  class='flex_column av-b29b8-c3be32fdf8e99db13197b16b89668c7c av_one_full  avia-builder-el-6  el_after_av_section  avia-builder-el-no-sibling  first flex_column_div av-zero-column-padding  '     ><p>\n<style type=\"text\/css\" data-created_by=\"avia_inline_auto\" id=\"style-css-av-l3k1sr6y-ea9424cd5e7b14fb5d5e5749c84bcaf6\">\n#top .hr.av-l3k1sr6y-ea9424cd5e7b14fb5d5e5749c84bcaf6{\nmargin-top:30px;\nmargin-bottom:30px;\n}\n.hr.av-l3k1sr6y-ea9424cd5e7b14fb5d5e5749c84bcaf6 .hr-inner{\nwidth:100;\nborder-color:#b02b2c;\nmax-width:45%;\n}\n.hr.av-l3k1sr6y-ea9424cd5e7b14fb5d5e5749c84bcaf6 .av-seperator-icon{\ncolor:#7bb0e7;\n}\n.hr.av-l3k1sr6y-ea9424cd5e7b14fb5d5e5749c84bcaf6 .av-seperator-icon.avia-svg-icon svg:first-child{\nfill:#7bb0e7;\nstroke:#7bb0e7;\n}\n<\/style>\n<div  class='hr av-l3k1sr6y-ea9424cd5e7b14fb5d5e5749c84bcaf6 hr-custom  avia-builder-el-7  el_before_av_image  avia-builder-el-first  hr-center hr-icon-yes'><span class='hr-inner inner-border-av-border-thin'><span class=\"hr-inner-style\"><\/span><\/span><span class='av-seperator-icon avia-iconfont avia-font-entypo-fontello' data-av_icon='\ue808' data-av_iconfont='entypo-fontello' ><\/span><span class='hr-inner inner-border-av-border-thin'><span class=\"hr-inner-style\"><\/span><\/span><\/div><br \/>\n\n<style type=\"text\/css\" data-created_by=\"avia_inline_auto\" id=\"style-css-av-kbgdeomi-99bacbcead57b70dd3e70415f1b9b0f3\">\n.avia-image-container.av-kbgdeomi-99bacbcead57b70dd3e70415f1b9b0f3 img.avia_image{\nbox-shadow:none;\n}\n.avia-image-container.av-kbgdeomi-99bacbcead57b70dd3e70415f1b9b0f3 .av-image-caption-overlay-center{\ncolor:#ffffff;\n}\n<\/style>\n<div  class='avia-image-container av-kbgdeomi-99bacbcead57b70dd3e70415f1b9b0f3 av-styling- avia-align-center  avia-builder-el-8  el_after_av_hr  avia-builder-el-last '   itemprop=\"image\" itemscope=\"itemscope\" itemtype=\"https:\/\/schema.org\/ImageObject\" ><div class=\"avia-image-container-inner\"><div class=\"avia-image-overlay-wrap\"><img decoding=\"async\" fetchpriority=\"high\" class='wp-image-809 avia-img-lazy-loading-not-809 avia_image ' src=\"https:\/\/www.parathirostoaigaio.gr\/en\/wp-content\/uploads\/2020\/06\/WP_20170414_19_12_53_Pro-1030x580.jpg\" alt='' title='WP_20170414_19_12_53_Pro'  height=\"580\" width=\"1030\"  itemprop=\"thumbnailUrl\" srcset=\"https:\/\/www.parathirostoaigaio.gr\/en\/wp-content\/uploads\/2020\/06\/WP_20170414_19_12_53_Pro-1030x580.jpg 1030w, https:\/\/www.parathirostoaigaio.gr\/en\/wp-content\/uploads\/2020\/06\/WP_20170414_19_12_53_Pro-300x169.jpg 300w, https:\/\/www.parathirostoaigaio.gr\/en\/wp-content\/uploads\/2020\/06\/WP_20170414_19_12_53_Pro-768x432.jpg 768w, https:\/\/www.parathirostoaigaio.gr\/en\/wp-content\/uploads\/2020\/06\/WP_20170414_19_12_53_Pro-1536x865.jpg 1536w, https:\/\/www.parathirostoaigaio.gr\/en\/wp-content\/uploads\/2020\/06\/WP_20170414_19_12_53_Pro-2048x1153.jpg 2048w, https:\/\/www.parathirostoaigaio.gr\/en\/wp-content\/uploads\/2020\/06\/WP_20170414_19_12_53_Pro-1500x844.jpg 1500w, https:\/\/www.parathirostoaigaio.gr\/en\/wp-content\/uploads\/2020\/06\/WP_20170414_19_12_53_Pro-705x397.jpg 705w, https:\/\/www.parathirostoaigaio.gr\/en\/wp-content\/uploads\/2020\/06\/WP_20170414_19_12_53_Pro-600x338.jpg 600w\" sizes=\"(max-width: 1030px) 100vw, 1030px\" \/><\/div><\/div><\/div><\/p><\/div><\/p>\n","protected":false},"excerpt":{"rendered":"","protected":false},"author":1,"featured_media":0,"parent":0,"menu_order":0,"comment_status":"open","ping_status":"closed","template":"","meta":{"footnotes":""},"class_list":["post-156","page","type-page","status-publish","hentry"],"yoast_head":"<!-- This site is optimized with the Yoast SEO plugin v27.5 - https:\/\/yoast.com\/product\/yoast-seo-wordpress\/ -->\n<title>Contact us - Window in the Aegean 1&amp;2<\/title>\n<meta name=\"description\" content=\"Window in the Aegean 1&amp;2 Contact us - Fen\u00eatre sur la mer \u00c9g\u00e9e 1 &amp; 2,Appartements traditionnels lou\u00e9s, \u00eele de Tinos, Cyclades, Gr\u00e8ce\" \/>\n<meta name=\"robots\" content=\"index, follow, max-snippet:-1, max-image-preview:large, max-video-preview:-1\" \/>\n<link rel=\"canonical\" href=\"https:\/\/www.parathirostoaigaio.gr\/en\/contactus\/\" \/>\n<meta property=\"og:locale\" content=\"el_GR\" \/>\n<meta property=\"og:type\" content=\"article\" \/>\n<meta property=\"og:title\" content=\"Contact us - Window in the Aegean 1&amp;2\" \/>\n<meta property=\"og:description\" content=\"Window in the Aegean 1&amp;2 Contact us - Fen\u00eatre sur la mer \u00c9g\u00e9e 1 &amp; 2,Appartements traditionnels lou\u00e9s, \u00eele de Tinos, Cyclades, Gr\u00e8ce\" \/>\n<meta property=\"og:url\" content=\"https:\/\/www.parathirostoaigaio.gr\/en\/contactus\/\" \/>\n<meta property=\"og:site_name\" content=\"Window in the Aegean 1&amp;2\" \/>\n<meta property=\"article:publisher\" content=\"https:\/\/www.facebook.com\/parathirostoaigaio2\/\" \/>\n<meta property=\"article:modified_time\" content=\"2025-01-28T15:44:45+00:00\" \/>\n<meta name=\"twitter:card\" content=\"summary_large_image\" \/>\n<meta name=\"twitter:label1\" content=\"\u0395\u03ba\u03c4\u03b9\u03bc\u03ce\u03bc\u03b5\u03bd\u03bf\u03c2 \u03c7\u03c1\u03cc\u03bd\u03bf\u03c2 \u03b1\u03bd\u03ac\u03b3\u03bd\u03c9\u03c3\u03b7\u03c2\" \/>\n\t<meta name=\"twitter:data1\" content=\"1 \u03bb\u03b5\u03c0\u03c4\u03cc\" \/>\n<script type=\"application\/ld+json\" class=\"yoast-schema-graph\">{\"@context\":\"https:\\\/\\\/schema.org\",\"@graph\":[{\"@type\":\"WebPage\",\"@id\":\"https:\\\/\\\/www.parathirostoaigaio.gr\\\/en\\\/contactus\\\/\",\"url\":\"https:\\\/\\\/www.parathirostoaigaio.gr\\\/en\\\/contactus\\\/\",\"name\":\"Contact us - Window in the Aegean 1&amp;2\",\"isPartOf\":{\"@id\":\"https:\\\/\\\/www.parathirostoaigaio.gr\\\/en\\\/#website\"},\"datePublished\":\"2015-07-16T09:12:51+00:00\",\"dateModified\":\"2025-01-28T15:44:45+00:00\",\"description\":\"Window in the Aegean 1&amp;2 Contact us - Fen\u00eatre sur la mer \u00c9g\u00e9e 1 & 2,Appartements traditionnels lou\u00e9s, \u00eele de Tinos, Cyclades, Gr\u00e8ce\",\"breadcrumb\":{\"@id\":\"https:\\\/\\\/www.parathirostoaigaio.gr\\\/en\\\/contactus\\\/#breadcrumb\"},\"inLanguage\":\"el\",\"potentialAction\":[{\"@type\":\"ReadAction\",\"target\":[\"https:\\\/\\\/www.parathirostoaigaio.gr\\\/en\\\/contactus\\\/\"]}]},{\"@type\":\"BreadcrumbList\",\"@id\":\"https:\\\/\\\/www.parathirostoaigaio.gr\\\/en\\\/contactus\\\/#breadcrumb\",\"itemListElement\":[{\"@type\":\"ListItem\",\"position\":1,\"name\":\"\u0391\u03c1\u03c7\u03b9\u03ba\u03ae\",\"item\":\"https:\\\/\\\/www.parathirostoaigaio.gr\\\/en\\\/welcome\\\/\"},{\"@type\":\"ListItem\",\"position\":2,\"name\":\"Contact us\"}]},{\"@type\":\"WebSite\",\"@id\":\"https:\\\/\\\/www.parathirostoaigaio.gr\\\/en\\\/#website\",\"url\":\"https:\\\/\\\/www.parathirostoaigaio.gr\\\/en\\\/\",\"name\":\"Fen\u00eatre sur la Mer Eg\u00e9e 1&2-Appartements lou\u00e9s, \u00eele de Tinos, Cyclades, Gr\u00e8ce\",\"description\":\"Rented Apartments in Tinos Island, Cyclades, Greece\",\"publisher\":{\"@id\":\"https:\\\/\\\/www.parathirostoaigaio.gr\\\/en\\\/#organization\"},\"potentialAction\":[{\"@type\":\"SearchAction\",\"target\":{\"@type\":\"EntryPoint\",\"urlTemplate\":\"https:\\\/\\\/www.parathirostoaigaio.gr\\\/en\\\/?s={search_term_string}\"},\"query-input\":{\"@type\":\"PropertyValueSpecification\",\"valueRequired\":true,\"valueName\":\"search_term_string\"}}],\"inLanguage\":\"el\"},{\"@type\":\"Organization\",\"@id\":\"https:\\\/\\\/www.parathirostoaigaio.gr\\\/en\\\/#organization\",\"name\":\"Fen\u00eatre sur la Mer Eg\u00e9e 1&2-Appartements lou\u00e9s, \u00eele de Tinos, Cyclades, Gr\u00e8ce\",\"url\":\"https:\\\/\\\/www.parathirostoaigaio.gr\\\/en\\\/\",\"logo\":{\"@type\":\"ImageObject\",\"inLanguage\":\"el\",\"@id\":\"https:\\\/\\\/www.parathirostoaigaio.gr\\\/en\\\/#\\\/schema\\\/logo\\\/image\\\/\",\"url\":\"https:\\\/\\\/www.parathirostoaigaio.gr\\\/en\\\/wp-content\\\/uploads\\\/2020\\\/06\\\/Image_13.jpg\",\"contentUrl\":\"https:\\\/\\\/www.parathirostoaigaio.gr\\\/en\\\/wp-content\\\/uploads\\\/2020\\\/06\\\/Image_13.jpg\",\"width\":1930,\"height\":1286,\"caption\":\"Fen\u00eatre sur la Mer Eg\u00e9e 1&2-Appartements lou\u00e9s, \u00eele de Tinos, Cyclades, Gr\u00e8ce\"},\"image\":{\"@id\":\"https:\\\/\\\/www.parathirostoaigaio.gr\\\/en\\\/#\\\/schema\\\/logo\\\/image\\\/\"},\"sameAs\":[\"https:\\\/\\\/www.facebook.com\\\/parathirostoaigaio2\\\/\"]}]}<\/script>\n<!-- \/ Yoast SEO plugin. -->","yoast_head_json":{"title":"Contact us - Window in the Aegean 1&amp;2","description":"Window in the Aegean 1&amp;2 Contact us - Fen\u00eatre sur la mer \u00c9g\u00e9e 1 & 2,Appartements traditionnels lou\u00e9s, \u00eele de Tinos, Cyclades, Gr\u00e8ce","robots":{"index":"index","follow":"follow","max-snippet":"max-snippet:-1","max-image-preview":"max-image-preview:large","max-video-preview":"max-video-preview:-1"},"canonical":"https:\/\/www.parathirostoaigaio.gr\/en\/contactus\/","og_locale":"el_GR","og_type":"article","og_title":"Contact us - Window in the Aegean 1&amp;2","og_description":"Window in the Aegean 1&amp;2 Contact us - Fen\u00eatre sur la mer \u00c9g\u00e9e 1 & 2,Appartements traditionnels lou\u00e9s, \u00eele de Tinos, Cyclades, Gr\u00e8ce","og_url":"https:\/\/www.parathirostoaigaio.gr\/en\/contactus\/","og_site_name":"Window in the Aegean 1&amp;2","article_publisher":"https:\/\/www.facebook.com\/parathirostoaigaio2\/","article_modified_time":"2025-01-28T15:44:45+00:00","twitter_card":"summary_large_image","twitter_misc":{"\u0395\u03ba\u03c4\u03b9\u03bc\u03ce\u03bc\u03b5\u03bd\u03bf\u03c2 \u03c7\u03c1\u03cc\u03bd\u03bf\u03c2 \u03b1\u03bd\u03ac\u03b3\u03bd\u03c9\u03c3\u03b7\u03c2":"1 \u03bb\u03b5\u03c0\u03c4\u03cc"},"schema":{"@context":"https:\/\/schema.org","@graph":[{"@type":"WebPage","@id":"https:\/\/www.parathirostoaigaio.gr\/en\/contactus\/","url":"https:\/\/www.parathirostoaigaio.gr\/en\/contactus\/","name":"Contact us - Window in the Aegean 1&amp;2","isPartOf":{"@id":"https:\/\/www.parathirostoaigaio.gr\/en\/#website"},"datePublished":"2015-07-16T09:12:51+00:00","dateModified":"2025-01-28T15:44:45+00:00","description":"Window in the Aegean 1&amp;2 Contact us - Fen\u00eatre sur la mer \u00c9g\u00e9e 1 & 2,Appartements traditionnels lou\u00e9s, \u00eele de Tinos, Cyclades, Gr\u00e8ce","breadcrumb":{"@id":"https:\/\/www.parathirostoaigaio.gr\/en\/contactus\/#breadcrumb"},"inLanguage":"el","potentialAction":[{"@type":"ReadAction","target":["https:\/\/www.parathirostoaigaio.gr\/en\/contactus\/"]}]},{"@type":"BreadcrumbList","@id":"https:\/\/www.parathirostoaigaio.gr\/en\/contactus\/#breadcrumb","itemListElement":[{"@type":"ListItem","position":1,"name":"\u0391\u03c1\u03c7\u03b9\u03ba\u03ae","item":"https:\/\/www.parathirostoaigaio.gr\/en\/welcome\/"},{"@type":"ListItem","position":2,"name":"Contact us"}]},{"@type":"WebSite","@id":"https:\/\/www.parathirostoaigaio.gr\/en\/#website","url":"https:\/\/www.parathirostoaigaio.gr\/en\/","name":"Fen\u00eatre sur la Mer Eg\u00e9e 1&2-Appartements lou\u00e9s, \u00eele de Tinos, Cyclades, Gr\u00e8ce","description":"Rented Apartments in Tinos Island, Cyclades, Greece","publisher":{"@id":"https:\/\/www.parathirostoaigaio.gr\/en\/#organization"},"potentialAction":[{"@type":"SearchAction","target":{"@type":"EntryPoint","urlTemplate":"https:\/\/www.parathirostoaigaio.gr\/en\/?s={search_term_string}"},"query-input":{"@type":"PropertyValueSpecification","valueRequired":true,"valueName":"search_term_string"}}],"inLanguage":"el"},{"@type":"Organization","@id":"https:\/\/www.parathirostoaigaio.gr\/en\/#organization","name":"Fen\u00eatre sur la Mer Eg\u00e9e 1&2-Appartements lou\u00e9s, \u00eele de Tinos, Cyclades, Gr\u00e8ce","url":"https:\/\/www.parathirostoaigaio.gr\/en\/","logo":{"@type":"ImageObject","inLanguage":"el","@id":"https:\/\/www.parathirostoaigaio.gr\/en\/#\/schema\/logo\/image\/","url":"https:\/\/www.parathirostoaigaio.gr\/en\/wp-content\/uploads\/2020\/06\/Image_13.jpg","contentUrl":"https:\/\/www.parathirostoaigaio.gr\/en\/wp-content\/uploads\/2020\/06\/Image_13.jpg","width":1930,"height":1286,"caption":"Fen\u00eatre sur la Mer Eg\u00e9e 1&2-Appartements lou\u00e9s, \u00eele de Tinos, Cyclades, Gr\u00e8ce"},"image":{"@id":"https:\/\/www.parathirostoaigaio.gr\/en\/#\/schema\/logo\/image\/"},"sameAs":["https:\/\/www.facebook.com\/parathirostoaigaio2\/"]}]}},"_links":{"self":[{"href":"https:\/\/www.parathirostoaigaio.gr\/en\/wp-json\/wp\/v2\/pages\/156","targetHints":{"allow":["GET"]}}],"collection":[{"href":"https:\/\/www.parathirostoaigaio.gr\/en\/wp-json\/wp\/v2\/pages"}],"about":[{"href":"https:\/\/www.parathirostoaigaio.gr\/en\/wp-json\/wp\/v2\/types\/page"}],"author":[{"embeddable":true,"href":"https:\/\/www.parathirostoaigaio.gr\/en\/wp-json\/wp\/v2\/users\/1"}],"replies":[{"embeddable":true,"href":"https:\/\/www.parathirostoaigaio.gr\/en\/wp-json\/wp\/v2\/comments?post=156"}],"version-history":[{"count":20,"href":"https:\/\/www.parathirostoaigaio.gr\/en\/wp-json\/wp\/v2\/pages\/156\/revisions"}],"predecessor-version":[{"id":1128,"href":"https:\/\/www.parathirostoaigaio.gr\/en\/wp-json\/wp\/v2\/pages\/156\/revisions\/1128"}],"wp:attachment":[{"href":"https:\/\/www.parathirostoaigaio.gr\/en\/wp-json\/wp\/v2\/media?parent=156"}],"curies":[{"name":"wp","href":"https:\/\/api.w.org\/{rel}","templated":true}]}}