{"id":3,"date":"2020-06-13T19:45:40","date_gmt":"2020-06-13T16:45:40","guid":{"rendered":"https:\/\/www.parathirostoaigaio.gr\/fr\/?page_id=3"},"modified":"2025-01-28T18:30:17","modified_gmt":"2025-01-28T15:30:17","slug":"privacy","status":"publish","type":"page","link":"https:\/\/www.parathirostoaigaio.gr\/en\/privacy\/","title":{"rendered":"Privacy"},"content":{"rendered":"<section  class='av_textblock_section av-kbese09j-d1724d6f67942cc4ae46d46cbbcbba79 '   itemscope=\"itemscope\" itemtype=\"https:\/\/schema.org\/CreativeWork\" ><div class='avia_textblock'  itemprop=\"text\" ><section class=\"elementor-element elementor-element-198208b elementor-section-boxed elementor-section-height-default elementor-section-height-default elementor-section elementor-top-section\" data-id=\"198208b\" data-element_type=\"section\">\n<div class=\"elementor-container elementor-column-gap-default\">\n<div class=\"elementor-row\">\n<div class=\"elementor-element elementor-element-c2ef785 elementor-column elementor-col-100 elementor-top-column\" data-id=\"c2ef785\" data-element_type=\"column\">\n<div class=\"elementor-column-wrap elementor-element-populated\">\n<div class=\"elementor-widget-wrap\">\n<div class=\"elementor-element elementor-element-90fed82 elementor-widget elementor-widget-text-editor\" data-id=\"90fed82\" data-element_type=\"widget\" data-widget_type=\"text-editor.default\">\n<div class=\"elementor-widget-container\">\n<div class=\"elementor-text-editor elementor-clearfix\">\n<h4>The website at [https:\/\/www.parathirostoaiagaio.gr] complies with the requirements of the European Data Protection Directive EU 679\/2016.<\/p>\n<p>We use cookies and a communication form to personalize content for statistical, communication and advertising purposes. If you continue to use our website, you agree to the use of our cookies.<\/p>\n<p>* for any information, you can contact us via the contact form or by e-mail to: info at parathirostoaigaio.gr.<\/h4>\n<\/div>\n<\/div>\n<\/div>\n<\/div>\n<\/div>\n<\/div>\n<\/div>\n<\/div>\n<\/section>\n<\/div><\/section>\n","protected":false},"excerpt":{"rendered":"","protected":false},"author":1,"featured_media":0,"parent":0,"menu_order":0,"comment_status":"closed","ping_status":"closed","template":"","meta":{"footnotes":""},"class_list":["post-3","page","type-page","status-publish","hentry"],"yoast_head":"<!-- This site is optimized with the Yoast SEO plugin v27.4 - https:\/\/yoast.com\/product\/yoast-seo-wordpress\/ -->\n<title>Privacy - Window in the Aegean 1&amp;2<\/title>\n<meta name=\"description\" content=\"Window in the Aegean 1&amp;2 Privacy - Fen\u00eatre sur la mer \u00c9g\u00e9e 1 &amp; 2,Appartements traditionnels lou\u00e9s, \u00eele de Tinos, Cyclades, Gr\u00e8ce\" \/>\n<meta name=\"robots\" content=\"index, follow, max-snippet:-1, max-image-preview:large, max-video-preview:-1\" \/>\n<link rel=\"canonical\" href=\"https:\/\/www.parathirostoaigaio.gr\/en\/privacy\/\" \/>\n<meta property=\"og:locale\" content=\"el_GR\" \/>\n<meta property=\"og:type\" content=\"article\" \/>\n<meta property=\"og:title\" content=\"Privacy - Window in the Aegean 1&amp;2\" \/>\n<meta property=\"og:description\" content=\"Window in the Aegean 1&amp;2 Privacy - Fen\u00eatre sur la mer \u00c9g\u00e9e 1 &amp; 2,Appartements traditionnels lou\u00e9s, \u00eele de Tinos, Cyclades, Gr\u00e8ce\" \/>\n<meta property=\"og:url\" content=\"https:\/\/www.parathirostoaigaio.gr\/en\/privacy\/\" \/>\n<meta property=\"og:site_name\" content=\"Window in the Aegean 1&amp;2\" \/>\n<meta property=\"article:publisher\" content=\"https:\/\/www.facebook.com\/parathirostoaigaio2\/\" \/>\n<meta property=\"article:modified_time\" content=\"2025-01-28T15:30:17+00:00\" \/>\n<meta name=\"twitter:card\" content=\"summary_large_image\" \/>\n<meta name=\"twitter:label1\" content=\"\u0395\u03ba\u03c4\u03b9\u03bc\u03ce\u03bc\u03b5\u03bd\u03bf\u03c2 \u03c7\u03c1\u03cc\u03bd\u03bf\u03c2 \u03b1\u03bd\u03ac\u03b3\u03bd\u03c9\u03c3\u03b7\u03c2\" \/>\n\t<meta name=\"twitter:data1\" content=\"1 \u03bb\u03b5\u03c0\u03c4\u03cc\" \/>\n<script type=\"application\/ld+json\" class=\"yoast-schema-graph\">{\"@context\":\"https:\\\/\\\/schema.org\",\"@graph\":[{\"@type\":\"WebPage\",\"@id\":\"https:\\\/\\\/www.parathirostoaigaio.gr\\\/en\\\/privacy\\\/\",\"url\":\"https:\\\/\\\/www.parathirostoaigaio.gr\\\/en\\\/privacy\\\/\",\"name\":\"Privacy - Window in the Aegean 1&amp;2\",\"isPartOf\":{\"@id\":\"https:\\\/\\\/www.parathirostoaigaio.gr\\\/en\\\/#website\"},\"datePublished\":\"2020-06-13T16:45:40+00:00\",\"dateModified\":\"2025-01-28T15:30:17+00:00\",\"description\":\"Window in the Aegean 1&amp;2 Privacy - Fen\u00eatre sur la mer \u00c9g\u00e9e 1 & 2,Appartements traditionnels lou\u00e9s, \u00eele de Tinos, Cyclades, Gr\u00e8ce\",\"breadcrumb\":{\"@id\":\"https:\\\/\\\/www.parathirostoaigaio.gr\\\/en\\\/privacy\\\/#breadcrumb\"},\"inLanguage\":\"el\",\"potentialAction\":[{\"@type\":\"ReadAction\",\"target\":[\"https:\\\/\\\/www.parathirostoaigaio.gr\\\/en\\\/privacy\\\/\"]}]},{\"@type\":\"BreadcrumbList\",\"@id\":\"https:\\\/\\\/www.parathirostoaigaio.gr\\\/en\\\/privacy\\\/#breadcrumb\",\"itemListElement\":[{\"@type\":\"ListItem\",\"position\":1,\"name\":\"\u0391\u03c1\u03c7\u03b9\u03ba\u03ae\",\"item\":\"https:\\\/\\\/www.parathirostoaigaio.gr\\\/en\\\/welcome\\\/\"},{\"@type\":\"ListItem\",\"position\":2,\"name\":\"Privacy\"}]},{\"@type\":\"WebSite\",\"@id\":\"https:\\\/\\\/www.parathirostoaigaio.gr\\\/en\\\/#website\",\"url\":\"https:\\\/\\\/www.parathirostoaigaio.gr\\\/en\\\/\",\"name\":\"Fen\u00eatre sur la Mer Eg\u00e9e 1&2-Appartements lou\u00e9s, \u00eele de Tinos, Cyclades, Gr\u00e8ce\",\"description\":\"Rented Apartments in Tinos Island, Cyclades, Greece\",\"publisher\":{\"@id\":\"https:\\\/\\\/www.parathirostoaigaio.gr\\\/en\\\/#organization\"},\"potentialAction\":[{\"@type\":\"SearchAction\",\"target\":{\"@type\":\"EntryPoint\",\"urlTemplate\":\"https:\\\/\\\/www.parathirostoaigaio.gr\\\/en\\\/?s={search_term_string}\"},\"query-input\":{\"@type\":\"PropertyValueSpecification\",\"valueRequired\":true,\"valueName\":\"search_term_string\"}}],\"inLanguage\":\"el\"},{\"@type\":\"Organization\",\"@id\":\"https:\\\/\\\/www.parathirostoaigaio.gr\\\/en\\\/#organization\",\"name\":\"Fen\u00eatre sur la Mer Eg\u00e9e 1&2-Appartements lou\u00e9s, \u00eele de Tinos, Cyclades, Gr\u00e8ce\",\"url\":\"https:\\\/\\\/www.parathirostoaigaio.gr\\\/en\\\/\",\"logo\":{\"@type\":\"ImageObject\",\"inLanguage\":\"el\",\"@id\":\"https:\\\/\\\/www.parathirostoaigaio.gr\\\/en\\\/#\\\/schema\\\/logo\\\/image\\\/\",\"url\":\"https:\\\/\\\/www.parathirostoaigaio.gr\\\/en\\\/wp-content\\\/uploads\\\/2020\\\/06\\\/Image_13.jpg\",\"contentUrl\":\"https:\\\/\\\/www.parathirostoaigaio.gr\\\/en\\\/wp-content\\\/uploads\\\/2020\\\/06\\\/Image_13.jpg\",\"width\":1930,\"height\":1286,\"caption\":\"Fen\u00eatre sur la Mer Eg\u00e9e 1&2-Appartements lou\u00e9s, \u00eele de Tinos, Cyclades, Gr\u00e8ce\"},\"image\":{\"@id\":\"https:\\\/\\\/www.parathirostoaigaio.gr\\\/en\\\/#\\\/schema\\\/logo\\\/image\\\/\"},\"sameAs\":[\"https:\\\/\\\/www.facebook.com\\\/parathirostoaigaio2\\\/\"]}]}<\/script>\n<!-- \/ Yoast SEO plugin. -->","yoast_head_json":{"title":"Privacy - Window in the Aegean 1&amp;2","description":"Window in the Aegean 1&amp;2 Privacy - Fen\u00eatre sur la mer \u00c9g\u00e9e 1 & 2,Appartements traditionnels lou\u00e9s, \u00eele de Tinos, Cyclades, Gr\u00e8ce","robots":{"index":"index","follow":"follow","max-snippet":"max-snippet:-1","max-image-preview":"max-image-preview:large","max-video-preview":"max-video-preview:-1"},"canonical":"https:\/\/www.parathirostoaigaio.gr\/en\/privacy\/","og_locale":"el_GR","og_type":"article","og_title":"Privacy - Window in the Aegean 1&amp;2","og_description":"Window in the Aegean 1&amp;2 Privacy - Fen\u00eatre sur la mer \u00c9g\u00e9e 1 & 2,Appartements traditionnels lou\u00e9s, \u00eele de Tinos, Cyclades, Gr\u00e8ce","og_url":"https:\/\/www.parathirostoaigaio.gr\/en\/privacy\/","og_site_name":"Window in the Aegean 1&amp;2","article_publisher":"https:\/\/www.facebook.com\/parathirostoaigaio2\/","article_modified_time":"2025-01-28T15:30:17+00:00","twitter_card":"summary_large_image","twitter_misc":{"\u0395\u03ba\u03c4\u03b9\u03bc\u03ce\u03bc\u03b5\u03bd\u03bf\u03c2 \u03c7\u03c1\u03cc\u03bd\u03bf\u03c2 \u03b1\u03bd\u03ac\u03b3\u03bd\u03c9\u03c3\u03b7\u03c2":"1 \u03bb\u03b5\u03c0\u03c4\u03cc"},"schema":{"@context":"https:\/\/schema.org","@graph":[{"@type":"WebPage","@id":"https:\/\/www.parathirostoaigaio.gr\/en\/privacy\/","url":"https:\/\/www.parathirostoaigaio.gr\/en\/privacy\/","name":"Privacy - Window in the Aegean 1&amp;2","isPartOf":{"@id":"https:\/\/www.parathirostoaigaio.gr\/en\/#website"},"datePublished":"2020-06-13T16:45:40+00:00","dateModified":"2025-01-28T15:30:17+00:00","description":"Window in the Aegean 1&amp;2 Privacy - Fen\u00eatre sur la mer \u00c9g\u00e9e 1 & 2,Appartements traditionnels lou\u00e9s, \u00eele de Tinos, Cyclades, Gr\u00e8ce","breadcrumb":{"@id":"https:\/\/www.parathirostoaigaio.gr\/en\/privacy\/#breadcrumb"},"inLanguage":"el","potentialAction":[{"@type":"ReadAction","target":["https:\/\/www.parathirostoaigaio.gr\/en\/privacy\/"]}]},{"@type":"BreadcrumbList","@id":"https:\/\/www.parathirostoaigaio.gr\/en\/privacy\/#breadcrumb","itemListElement":[{"@type":"ListItem","position":1,"name":"\u0391\u03c1\u03c7\u03b9\u03ba\u03ae","item":"https:\/\/www.parathirostoaigaio.gr\/en\/welcome\/"},{"@type":"ListItem","position":2,"name":"Privacy"}]},{"@type":"WebSite","@id":"https:\/\/www.parathirostoaigaio.gr\/en\/#website","url":"https:\/\/www.parathirostoaigaio.gr\/en\/","name":"Fen\u00eatre sur la Mer Eg\u00e9e 1&2-Appartements lou\u00e9s, \u00eele de Tinos, Cyclades, Gr\u00e8ce","description":"Rented Apartments in Tinos Island, Cyclades, Greece","publisher":{"@id":"https:\/\/www.parathirostoaigaio.gr\/en\/#organization"},"potentialAction":[{"@type":"SearchAction","target":{"@type":"EntryPoint","urlTemplate":"https:\/\/www.parathirostoaigaio.gr\/en\/?s={search_term_string}"},"query-input":{"@type":"PropertyValueSpecification","valueRequired":true,"valueName":"search_term_string"}}],"inLanguage":"el"},{"@type":"Organization","@id":"https:\/\/www.parathirostoaigaio.gr\/en\/#organization","name":"Fen\u00eatre sur la Mer Eg\u00e9e 1&2-Appartements lou\u00e9s, \u00eele de Tinos, Cyclades, Gr\u00e8ce","url":"https:\/\/www.parathirostoaigaio.gr\/en\/","logo":{"@type":"ImageObject","inLanguage":"el","@id":"https:\/\/www.parathirostoaigaio.gr\/en\/#\/schema\/logo\/image\/","url":"https:\/\/www.parathirostoaigaio.gr\/en\/wp-content\/uploads\/2020\/06\/Image_13.jpg","contentUrl":"https:\/\/www.parathirostoaigaio.gr\/en\/wp-content\/uploads\/2020\/06\/Image_13.jpg","width":1930,"height":1286,"caption":"Fen\u00eatre sur la Mer Eg\u00e9e 1&2-Appartements lou\u00e9s, \u00eele de Tinos, Cyclades, Gr\u00e8ce"},"image":{"@id":"https:\/\/www.parathirostoaigaio.gr\/en\/#\/schema\/logo\/image\/"},"sameAs":["https:\/\/www.facebook.com\/parathirostoaigaio2\/"]}]}},"_links":{"self":[{"href":"https:\/\/www.parathirostoaigaio.gr\/en\/wp-json\/wp\/v2\/pages\/3","targetHints":{"allow":["GET"]}}],"collection":[{"href":"https:\/\/www.parathirostoaigaio.gr\/en\/wp-json\/wp\/v2\/pages"}],"about":[{"href":"https:\/\/www.parathirostoaigaio.gr\/en\/wp-json\/wp\/v2\/types\/page"}],"author":[{"embeddable":true,"href":"https:\/\/www.parathirostoaigaio.gr\/en\/wp-json\/wp\/v2\/users\/1"}],"replies":[{"embeddable":true,"href":"https:\/\/www.parathirostoaigaio.gr\/en\/wp-json\/wp\/v2\/comments?post=3"}],"version-history":[{"count":2,"href":"https:\/\/www.parathirostoaigaio.gr\/en\/wp-json\/wp\/v2\/pages\/3\/revisions"}],"predecessor-version":[{"id":1121,"href":"https:\/\/www.parathirostoaigaio.gr\/en\/wp-json\/wp\/v2\/pages\/3\/revisions\/1121"}],"wp:attachment":[{"href":"https:\/\/www.parathirostoaigaio.gr\/en\/wp-json\/wp\/v2\/media?parent=3"}],"curies":[{"name":"wp","href":"https:\/\/api.w.org\/{rel}","templated":true}]}}