{"id":790,"date":"2020-06-15T12:27:29","date_gmt":"2020-06-15T09:27:29","guid":{"rendered":"https:\/\/www.parathirostoaigaio.gr\/fr\/?page_id=790"},"modified":"2025-01-28T18:45:45","modified_gmt":"2025-01-28T15:45:45","slug":"covid19-wecare","status":"publish","type":"page","link":"https:\/\/www.parathirostoaigaio.gr\/en\/covid19-wecare\/","title":{"rendered":"Covid19-We care"},"content":{"rendered":"<section  class='av_textblock_section av-kbganmf9-07b5d602b95c1281a5141aea1dc9ffd8 '   itemscope=\"itemscope\" itemtype=\"https:\/\/schema.org\/CreativeWork\" ><div class='avia_textblock'  itemprop=\"text\" ><section class=\"elementor-element elementor-element-24bc5e3 elementor-section-boxed elementor-section-height-default elementor-section-height-default elementor-section elementor-top-section\" data-id=\"24bc5e3\" data-element_type=\"section\">\n<div class=\"elementor-container elementor-column-gap-default\">\n<div class=\"elementor-row\">\n<div class=\"elementor-element elementor-element-787e06c elementor-column elementor-col-100 elementor-top-column\" data-id=\"787e06c\" data-element_type=\"column\">\n<div class=\"elementor-column-wrap elementor-element-populated\">\n<div class=\"elementor-widget-wrap\">\n<div class=\"elementor-element elementor-element-169f609 elementor-widget elementor-widget-text-editor\" data-id=\"169f609\" data-element_type=\"widget\" data-widget_type=\"text-editor.default\">\n<div class=\"elementor-widget-container\">\n<div class=\"elementor-text-editor elementor-clearfix\">\n<h1>Covid19-We care<\/h1>\n<p><a href=\"https:\/\/www.parathirostoaigaio.gr\/en\/covid19-conformite\/\"><img loading=\"lazy\" decoding=\"async\" class=\"alignnone size-medium wp-image-944\" src=\"https:\/\/www.parathirostoaigaio.gr\/en\/wp-content\/uploads\/2020\/06\/healthfirst-300x179.jpg\" alt=\"\" width=\"300\" height=\"179\" srcset=\"https:\/\/www.parathirostoaigaio.gr\/en\/wp-content\/uploads\/2020\/06\/healthfirst-300x179.jpg 300w, https:\/\/www.parathirostoaigaio.gr\/en\/wp-content\/uploads\/2020\/06\/healthfirst.jpg 355w\" sizes=\"auto, (max-width: 300px) 100vw, 300px\" \/><\/a><\/p>\n<p>With a high sense of responsibility, the apartments health protocols and receiving a certificate from the Cyclades Chamber informs visitors about the restart on 15-6-2020.<\/p>\n<p><strong>Check-in 15.00 \u2013 Check-out 11.00<\/strong><\/p>\n<p><strong>Take precautions:<\/strong><\/p>\n<p><strong>1.Cleaning-disinfection<\/strong><br \/>\nDeep cleaning of all areas.<br \/>\nIntensification of the frequency of cleaning and disinfection.<br \/>\nIntensification of cleaning and disinfection of air conditioning filters<br \/>\nNatural and intensive space ventilation.<br \/>\nMore regular cleaning and disinfection of guest and staff toilets (and their equipment), with appropriate chemicals.<br \/>\nUse wipes or spray with disinfectant and microfiber cloths with color separation, which are washed properly and regularly.<br \/>\nSteam cleaning after each use.<\/p>\n<p><strong>2.Personal hygiene and health<\/strong><br \/>\nTraining of staff in preventive measures, personal hygiene, use of (Personal Protection Measures) and the new way of working. Issuance of a certificate of participation in the training to all employees.<br \/>\nUse gloves and a mask of different colors. Change them frequently.<br \/>\nA hand sanitizer dispenser (63 to 70% alcohol) is placed in key locations for customers.<br \/>\nHand sanitizer dispensers (63 to 70% alcohol) are placed at the staff&#8217;s workplace.<br \/>\nTraining on recognizing and managing Covid-19 cases based on health protocols.<br \/>\nAn intact check-in and check-out mode is provided and recommended.<br \/>\nUnsolicited sending of invoices and receipts is provided and recommended.<br \/>\nKeeping distance is recommended.<\/p>\n<p><strong>In addition:<\/strong><\/p>\n<p>Continuous monitoring of protocols in accordance with the instructions of the Ministry.<\/p>\n<p>Due to Coronovirus (COVID-19), as already mentioned, measures have been taken to protect visitors and its staff. Therefore, some services and benefits may be limited or unavailable.<br \/>\nAdditional documentation may be requested from visitors to apply for Coronation (COVID-19) to verify their identity, itinerary and other relevant information.<\/p>\n<\/div>\n<\/div>\n<\/div>\n<\/div>\n<\/div>\n<\/div>\n<\/div>\n<\/div>\n<\/section>\n<\/div><\/section>\n","protected":false},"excerpt":{"rendered":"","protected":false},"author":1,"featured_media":0,"parent":0,"menu_order":0,"comment_status":"closed","ping_status":"closed","template":"","meta":{"footnotes":""},"class_list":["post-790","page","type-page","status-publish","hentry"],"yoast_head":"<!-- This site is optimized with the Yoast SEO plugin v27.4 - https:\/\/yoast.com\/product\/yoast-seo-wordpress\/ -->\n<title>Covid19-We care - Window in the Aegean 1&amp;2<\/title>\n<meta name=\"description\" content=\"Window in the Aegean 1&amp;2 Covid19-We care - Fen\u00eatre sur la mer \u00c9g\u00e9e 1 &amp; 2,Appartements traditionnels lou\u00e9s, \u00eele de Tinos, Cyclades, Gr\u00e8ce\" \/>\n<meta name=\"robots\" content=\"index, follow, max-snippet:-1, max-image-preview:large, max-video-preview:-1\" \/>\n<link rel=\"canonical\" href=\"https:\/\/www.parathirostoaigaio.gr\/en\/covid19-wecare\/\" \/>\n<meta property=\"og:locale\" content=\"el_GR\" \/>\n<meta property=\"og:type\" content=\"article\" \/>\n<meta property=\"og:title\" content=\"Covid19-We care - Window in the Aegean 1&amp;2\" \/>\n<meta property=\"og:description\" content=\"Window in the Aegean 1&amp;2 Covid19-We care - Fen\u00eatre sur la mer \u00c9g\u00e9e 1 &amp; 2,Appartements traditionnels lou\u00e9s, \u00eele de Tinos, Cyclades, Gr\u00e8ce\" \/>\n<meta property=\"og:url\" content=\"https:\/\/www.parathirostoaigaio.gr\/en\/covid19-wecare\/\" \/>\n<meta property=\"og:site_name\" content=\"Window in the Aegean 1&amp;2\" \/>\n<meta property=\"article:publisher\" content=\"https:\/\/www.facebook.com\/parathirostoaigaio2\/\" \/>\n<meta property=\"article:modified_time\" content=\"2025-01-28T15:45:45+00:00\" \/>\n<meta property=\"og:image\" content=\"https:\/\/www.parathirostoaigaio.gr\/en\/wp-content\/uploads\/2020\/06\/healthfirst.jpg\" \/>\n\t<meta property=\"og:image:width\" content=\"355\" \/>\n\t<meta property=\"og:image:height\" content=\"212\" \/>\n\t<meta property=\"og:image:type\" content=\"image\/jpeg\" \/>\n<meta name=\"twitter:card\" content=\"summary_large_image\" \/>\n<meta name=\"twitter:label1\" content=\"\u0395\u03ba\u03c4\u03b9\u03bc\u03ce\u03bc\u03b5\u03bd\u03bf\u03c2 \u03c7\u03c1\u03cc\u03bd\u03bf\u03c2 \u03b1\u03bd\u03ac\u03b3\u03bd\u03c9\u03c3\u03b7\u03c2\" \/>\n\t<meta name=\"twitter:data1\" content=\"2 \u03bb\u03b5\u03c0\u03c4\u03ac\" \/>\n<script type=\"application\/ld+json\" class=\"yoast-schema-graph\">{\"@context\":\"https:\\\/\\\/schema.org\",\"@graph\":[{\"@type\":\"WebPage\",\"@id\":\"https:\\\/\\\/www.parathirostoaigaio.gr\\\/en\\\/covid19-wecare\\\/\",\"url\":\"https:\\\/\\\/www.parathirostoaigaio.gr\\\/en\\\/covid19-wecare\\\/\",\"name\":\"Covid19-We care - Window in the Aegean 1&amp;2\",\"isPartOf\":{\"@id\":\"https:\\\/\\\/www.parathirostoaigaio.gr\\\/en\\\/#website\"},\"primaryImageOfPage\":{\"@id\":\"https:\\\/\\\/www.parathirostoaigaio.gr\\\/en\\\/covid19-wecare\\\/#primaryimage\"},\"image\":{\"@id\":\"https:\\\/\\\/www.parathirostoaigaio.gr\\\/en\\\/covid19-wecare\\\/#primaryimage\"},\"thumbnailUrl\":\"https:\\\/\\\/www.parathirostoaigaio.gr\\\/en\\\/wp-content\\\/uploads\\\/2020\\\/06\\\/healthfirst-300x179.jpg\",\"datePublished\":\"2020-06-15T09:27:29+00:00\",\"dateModified\":\"2025-01-28T15:45:45+00:00\",\"description\":\"Window in the Aegean 1&amp;2 Covid19-We care - Fen\u00eatre sur la mer \u00c9g\u00e9e 1 & 2,Appartements traditionnels lou\u00e9s, \u00eele de Tinos, Cyclades, Gr\u00e8ce\",\"breadcrumb\":{\"@id\":\"https:\\\/\\\/www.parathirostoaigaio.gr\\\/en\\\/covid19-wecare\\\/#breadcrumb\"},\"inLanguage\":\"el\",\"potentialAction\":[{\"@type\":\"ReadAction\",\"target\":[\"https:\\\/\\\/www.parathirostoaigaio.gr\\\/en\\\/covid19-wecare\\\/\"]}]},{\"@type\":\"ImageObject\",\"inLanguage\":\"el\",\"@id\":\"https:\\\/\\\/www.parathirostoaigaio.gr\\\/en\\\/covid19-wecare\\\/#primaryimage\",\"url\":\"https:\\\/\\\/www.parathirostoaigaio.gr\\\/en\\\/wp-content\\\/uploads\\\/2020\\\/06\\\/healthfirst.jpg\",\"contentUrl\":\"https:\\\/\\\/www.parathirostoaigaio.gr\\\/en\\\/wp-content\\\/uploads\\\/2020\\\/06\\\/healthfirst.jpg\",\"width\":355,\"height\":212},{\"@type\":\"BreadcrumbList\",\"@id\":\"https:\\\/\\\/www.parathirostoaigaio.gr\\\/en\\\/covid19-wecare\\\/#breadcrumb\",\"itemListElement\":[{\"@type\":\"ListItem\",\"position\":1,\"name\":\"\u0391\u03c1\u03c7\u03b9\u03ba\u03ae\",\"item\":\"https:\\\/\\\/www.parathirostoaigaio.gr\\\/en\\\/welcome\\\/\"},{\"@type\":\"ListItem\",\"position\":2,\"name\":\"Covid19-We care\"}]},{\"@type\":\"WebSite\",\"@id\":\"https:\\\/\\\/www.parathirostoaigaio.gr\\\/en\\\/#website\",\"url\":\"https:\\\/\\\/www.parathirostoaigaio.gr\\\/en\\\/\",\"name\":\"Fen\u00eatre sur la Mer Eg\u00e9e 1&2-Appartements lou\u00e9s, \u00eele de Tinos, Cyclades, Gr\u00e8ce\",\"description\":\"Rented Apartments in Tinos Island, Cyclades, Greece\",\"publisher\":{\"@id\":\"https:\\\/\\\/www.parathirostoaigaio.gr\\\/en\\\/#organization\"},\"potentialAction\":[{\"@type\":\"SearchAction\",\"target\":{\"@type\":\"EntryPoint\",\"urlTemplate\":\"https:\\\/\\\/www.parathirostoaigaio.gr\\\/en\\\/?s={search_term_string}\"},\"query-input\":{\"@type\":\"PropertyValueSpecification\",\"valueRequired\":true,\"valueName\":\"search_term_string\"}}],\"inLanguage\":\"el\"},{\"@type\":\"Organization\",\"@id\":\"https:\\\/\\\/www.parathirostoaigaio.gr\\\/en\\\/#organization\",\"name\":\"Fen\u00eatre sur la Mer Eg\u00e9e 1&2-Appartements lou\u00e9s, \u00eele de Tinos, Cyclades, Gr\u00e8ce\",\"url\":\"https:\\\/\\\/www.parathirostoaigaio.gr\\\/en\\\/\",\"logo\":{\"@type\":\"ImageObject\",\"inLanguage\":\"el\",\"@id\":\"https:\\\/\\\/www.parathirostoaigaio.gr\\\/en\\\/#\\\/schema\\\/logo\\\/image\\\/\",\"url\":\"https:\\\/\\\/www.parathirostoaigaio.gr\\\/en\\\/wp-content\\\/uploads\\\/2020\\\/06\\\/Image_13.jpg\",\"contentUrl\":\"https:\\\/\\\/www.parathirostoaigaio.gr\\\/en\\\/wp-content\\\/uploads\\\/2020\\\/06\\\/Image_13.jpg\",\"width\":1930,\"height\":1286,\"caption\":\"Fen\u00eatre sur la Mer Eg\u00e9e 1&2-Appartements lou\u00e9s, \u00eele de Tinos, Cyclades, Gr\u00e8ce\"},\"image\":{\"@id\":\"https:\\\/\\\/www.parathirostoaigaio.gr\\\/en\\\/#\\\/schema\\\/logo\\\/image\\\/\"},\"sameAs\":[\"https:\\\/\\\/www.facebook.com\\\/parathirostoaigaio2\\\/\"]}]}<\/script>\n<!-- \/ Yoast SEO plugin. -->","yoast_head_json":{"title":"Covid19-We care - Window in the Aegean 1&amp;2","description":"Window in the Aegean 1&amp;2 Covid19-We care - Fen\u00eatre sur la mer \u00c9g\u00e9e 1 & 2,Appartements traditionnels lou\u00e9s, \u00eele de Tinos, Cyclades, Gr\u00e8ce","robots":{"index":"index","follow":"follow","max-snippet":"max-snippet:-1","max-image-preview":"max-image-preview:large","max-video-preview":"max-video-preview:-1"},"canonical":"https:\/\/www.parathirostoaigaio.gr\/en\/covid19-wecare\/","og_locale":"el_GR","og_type":"article","og_title":"Covid19-We care - Window in the Aegean 1&amp;2","og_description":"Window in the Aegean 1&amp;2 Covid19-We care - Fen\u00eatre sur la mer \u00c9g\u00e9e 1 & 2,Appartements traditionnels lou\u00e9s, \u00eele de Tinos, Cyclades, Gr\u00e8ce","og_url":"https:\/\/www.parathirostoaigaio.gr\/en\/covid19-wecare\/","og_site_name":"Window in the Aegean 1&amp;2","article_publisher":"https:\/\/www.facebook.com\/parathirostoaigaio2\/","article_modified_time":"2025-01-28T15:45:45+00:00","og_image":[{"width":355,"height":212,"url":"https:\/\/www.parathirostoaigaio.gr\/en\/wp-content\/uploads\/2020\/06\/healthfirst.jpg","type":"image\/jpeg"}],"twitter_card":"summary_large_image","twitter_misc":{"\u0395\u03ba\u03c4\u03b9\u03bc\u03ce\u03bc\u03b5\u03bd\u03bf\u03c2 \u03c7\u03c1\u03cc\u03bd\u03bf\u03c2 \u03b1\u03bd\u03ac\u03b3\u03bd\u03c9\u03c3\u03b7\u03c2":"2 \u03bb\u03b5\u03c0\u03c4\u03ac"},"schema":{"@context":"https:\/\/schema.org","@graph":[{"@type":"WebPage","@id":"https:\/\/www.parathirostoaigaio.gr\/en\/covid19-wecare\/","url":"https:\/\/www.parathirostoaigaio.gr\/en\/covid19-wecare\/","name":"Covid19-We care - Window in the Aegean 1&amp;2","isPartOf":{"@id":"https:\/\/www.parathirostoaigaio.gr\/en\/#website"},"primaryImageOfPage":{"@id":"https:\/\/www.parathirostoaigaio.gr\/en\/covid19-wecare\/#primaryimage"},"image":{"@id":"https:\/\/www.parathirostoaigaio.gr\/en\/covid19-wecare\/#primaryimage"},"thumbnailUrl":"https:\/\/www.parathirostoaigaio.gr\/en\/wp-content\/uploads\/2020\/06\/healthfirst-300x179.jpg","datePublished":"2020-06-15T09:27:29+00:00","dateModified":"2025-01-28T15:45:45+00:00","description":"Window in the Aegean 1&amp;2 Covid19-We care - Fen\u00eatre sur la mer \u00c9g\u00e9e 1 & 2,Appartements traditionnels lou\u00e9s, \u00eele de Tinos, Cyclades, Gr\u00e8ce","breadcrumb":{"@id":"https:\/\/www.parathirostoaigaio.gr\/en\/covid19-wecare\/#breadcrumb"},"inLanguage":"el","potentialAction":[{"@type":"ReadAction","target":["https:\/\/www.parathirostoaigaio.gr\/en\/covid19-wecare\/"]}]},{"@type":"ImageObject","inLanguage":"el","@id":"https:\/\/www.parathirostoaigaio.gr\/en\/covid19-wecare\/#primaryimage","url":"https:\/\/www.parathirostoaigaio.gr\/en\/wp-content\/uploads\/2020\/06\/healthfirst.jpg","contentUrl":"https:\/\/www.parathirostoaigaio.gr\/en\/wp-content\/uploads\/2020\/06\/healthfirst.jpg","width":355,"height":212},{"@type":"BreadcrumbList","@id":"https:\/\/www.parathirostoaigaio.gr\/en\/covid19-wecare\/#breadcrumb","itemListElement":[{"@type":"ListItem","position":1,"name":"\u0391\u03c1\u03c7\u03b9\u03ba\u03ae","item":"https:\/\/www.parathirostoaigaio.gr\/en\/welcome\/"},{"@type":"ListItem","position":2,"name":"Covid19-We care"}]},{"@type":"WebSite","@id":"https:\/\/www.parathirostoaigaio.gr\/en\/#website","url":"https:\/\/www.parathirostoaigaio.gr\/en\/","name":"Fen\u00eatre sur la Mer Eg\u00e9e 1&2-Appartements lou\u00e9s, \u00eele de Tinos, Cyclades, Gr\u00e8ce","description":"Rented Apartments in Tinos Island, Cyclades, Greece","publisher":{"@id":"https:\/\/www.parathirostoaigaio.gr\/en\/#organization"},"potentialAction":[{"@type":"SearchAction","target":{"@type":"EntryPoint","urlTemplate":"https:\/\/www.parathirostoaigaio.gr\/en\/?s={search_term_string}"},"query-input":{"@type":"PropertyValueSpecification","valueRequired":true,"valueName":"search_term_string"}}],"inLanguage":"el"},{"@type":"Organization","@id":"https:\/\/www.parathirostoaigaio.gr\/en\/#organization","name":"Fen\u00eatre sur la Mer Eg\u00e9e 1&2-Appartements lou\u00e9s, \u00eele de Tinos, Cyclades, Gr\u00e8ce","url":"https:\/\/www.parathirostoaigaio.gr\/en\/","logo":{"@type":"ImageObject","inLanguage":"el","@id":"https:\/\/www.parathirostoaigaio.gr\/en\/#\/schema\/logo\/image\/","url":"https:\/\/www.parathirostoaigaio.gr\/en\/wp-content\/uploads\/2020\/06\/Image_13.jpg","contentUrl":"https:\/\/www.parathirostoaigaio.gr\/en\/wp-content\/uploads\/2020\/06\/Image_13.jpg","width":1930,"height":1286,"caption":"Fen\u00eatre sur la Mer Eg\u00e9e 1&2-Appartements lou\u00e9s, \u00eele de Tinos, Cyclades, Gr\u00e8ce"},"image":{"@id":"https:\/\/www.parathirostoaigaio.gr\/en\/#\/schema\/logo\/image\/"},"sameAs":["https:\/\/www.facebook.com\/parathirostoaigaio2\/"]}]}},"_links":{"self":[{"href":"https:\/\/www.parathirostoaigaio.gr\/en\/wp-json\/wp\/v2\/pages\/790","targetHints":{"allow":["GET"]}}],"collection":[{"href":"https:\/\/www.parathirostoaigaio.gr\/en\/wp-json\/wp\/v2\/pages"}],"about":[{"href":"https:\/\/www.parathirostoaigaio.gr\/en\/wp-json\/wp\/v2\/types\/page"}],"author":[{"embeddable":true,"href":"https:\/\/www.parathirostoaigaio.gr\/en\/wp-json\/wp\/v2\/users\/1"}],"replies":[{"embeddable":true,"href":"https:\/\/www.parathirostoaigaio.gr\/en\/wp-json\/wp\/v2\/comments?post=790"}],"version-history":[{"count":5,"href":"https:\/\/www.parathirostoaigaio.gr\/en\/wp-json\/wp\/v2\/pages\/790\/revisions"}],"predecessor-version":[{"id":1125,"href":"https:\/\/www.parathirostoaigaio.gr\/en\/wp-json\/wp\/v2\/pages\/790\/revisions\/1125"}],"wp:attachment":[{"href":"https:\/\/www.parathirostoaigaio.gr\/en\/wp-json\/wp\/v2\/media?parent=790"}],"curies":[{"name":"wp","href":"https:\/\/api.w.org\/{rel}","templated":true}]}}