{"id":943,"date":"2020-06-26T20:27:32","date_gmt":"2020-06-26T17:27:32","guid":{"rendered":"https:\/\/www.parathirostoaigaio.gr\/fr\/?page_id=943"},"modified":"2025-01-28T18:32:25","modified_gmt":"2025-01-28T15:32:25","slug":"covid19-conformite","status":"publish","type":"page","link":"https:\/\/www.parathirostoaigaio.gr\/en\/covid19-conformite\/","title":{"rendered":"Covid19-Compliance"},"content":{"rendered":"\n<style type=\"text\/css\" data-created_by=\"avia_inline_auto\" id=\"style-css-av-kbwhplz0-07fb8584339bd3ba5b94efe90f577c0c\">\n#top .av-special-heading.av-kbwhplz0-07fb8584339bd3ba5b94efe90f577c0c{\npadding-bottom:10px;\n}\nbody .av-special-heading.av-kbwhplz0-07fb8584339bd3ba5b94efe90f577c0c .av-special-heading-tag .heading-char{\nfont-size:25px;\n}\n.av-special-heading.av-kbwhplz0-07fb8584339bd3ba5b94efe90f577c0c .av-subheading{\nfont-size:15px;\n}\n<\/style>\n<div  class='av-special-heading av-kbwhplz0-07fb8584339bd3ba5b94efe90f577c0c av-special-heading-h3  avia-builder-el-0  el_before_av_one_half  avia-builder-el-first '><h3 class='av-special-heading-tag '  itemprop=\"headline\"  >Covid19-Compliance<\/h3><div class=\"special-heading-border\"><div class=\"special-heading-inner-border\"><\/div><\/div><\/div>\n\n<style type=\"text\/css\" data-created_by=\"avia_inline_auto\" id=\"style-css-av-cpn9j-c9149f3ce685de58658599a756ef265e\">\n.flex_column.av-cpn9j-c9149f3ce685de58658599a756ef265e{\nborder-radius:0px 0px 0px 0px;\npadding:0px 0px 0px 0px;\n}\n<\/style>\n<div  class='flex_column av-cpn9j-c9149f3ce685de58658599a756ef265e av_one_half  avia-builder-el-1  el_after_av_heading  el_before_av_one_half  first flex_column_div av-zero-column-padding  '     ><section  class='av_textblock_section av-kbwhqb6o-c7a0c77e8ca78044073d14dc8c580d77 '   itemscope=\"itemscope\" itemtype=\"https:\/\/schema.org\/CreativeWork\" ><div class='avia_textblock'  itemprop=\"text\" ><h3 class=\"av-special-heading-tag \">Window in the Aegean 1<\/h3>\n<\/div><\/section><br \/>\n\n<style type=\"text\/css\" data-created_by=\"avia_inline_auto\" id=\"style-css-av-kbwhrkwx-18c1e82a6c866f3d4ed658dac586940e\">\n.avia-image-container.av-kbwhrkwx-18c1e82a6c866f3d4ed658dac586940e img.avia_image{\nbox-shadow:none;\n}\n.avia-image-container.av-kbwhrkwx-18c1e82a6c866f3d4ed658dac586940e .av-image-caption-overlay-center{\ncolor:#ffffff;\n}\n<\/style>\n<div  class='avia-image-container av-kbwhrkwx-18c1e82a6c866f3d4ed658dac586940e av-styling- avia-align-center  avia-builder-el-3  el_after_av_textblock  avia-builder-el-last '   itemprop=\"image\" itemscope=\"itemscope\" itemtype=\"https:\/\/schema.org\/ImageObject\" ><div class=\"avia-image-container-inner\"><div class=\"avia-image-overlay-wrap\"><img decoding=\"async\" fetchpriority=\"high\" class='wp-image-947 avia-img-lazy-loading-not-947 avia_image ' src=\"https:\/\/www.parathirostoaigaio.gr\/en\/wp-content\/uploads\/2020\/06\/sima_p1_01.jpg\" alt='' title='sima_p1_01'  height=\"1754\" width=\"1241\"  itemprop=\"thumbnailUrl\" srcset=\"https:\/\/www.parathirostoaigaio.gr\/en\/wp-content\/uploads\/2020\/06\/sima_p1_01.jpg 1241w, https:\/\/www.parathirostoaigaio.gr\/en\/wp-content\/uploads\/2020\/06\/sima_p1_01-212x300.jpg 212w, https:\/\/www.parathirostoaigaio.gr\/en\/wp-content\/uploads\/2020\/06\/sima_p1_01-729x1030.jpg 729w, https:\/\/www.parathirostoaigaio.gr\/en\/wp-content\/uploads\/2020\/06\/sima_p1_01-768x1085.jpg 768w, https:\/\/www.parathirostoaigaio.gr\/en\/wp-content\/uploads\/2020\/06\/sima_p1_01-1087x1536.jpg 1087w, https:\/\/www.parathirostoaigaio.gr\/en\/wp-content\/uploads\/2020\/06\/sima_p1_01-1061x1500.jpg 1061w, https:\/\/www.parathirostoaigaio.gr\/en\/wp-content\/uploads\/2020\/06\/sima_p1_01-499x705.jpg 499w, https:\/\/www.parathirostoaigaio.gr\/en\/wp-content\/uploads\/2020\/06\/sima_p1_01-600x848.jpg 600w\" sizes=\"(max-width: 1241px) 100vw, 1241px\" \/><\/div><\/div><\/div><\/p><\/div>\n<style type=\"text\/css\" data-created_by=\"avia_inline_auto\" id=\"style-css-av-1266n-eed804b748e1aff53d90827ea3be8b02\">\n.flex_column.av-1266n-eed804b748e1aff53d90827ea3be8b02{\nborder-radius:0px 0px 0px 0px;\npadding:0px 0px 0px 0px;\n}\n<\/style>\n<div  class='flex_column av-1266n-eed804b748e1aff53d90827ea3be8b02 av_one_half  avia-builder-el-4  el_after_av_one_half  avia-builder-el-last  flex_column_div av-zero-column-padding  '     ><section  class='av_textblock_section av-kbwhqb6o-c7a0c77e8ca78044073d14dc8c580d77 '   itemscope=\"itemscope\" itemtype=\"https:\/\/schema.org\/CreativeWork\" ><div class='avia_textblock'  itemprop=\"text\" ><h3 class=\"av-special-heading-tag \">Window in the Aegean 2<\/h3>\n<\/div><\/section><br \/>\n\n<style type=\"text\/css\" data-created_by=\"avia_inline_auto\" id=\"style-css-av-kbwhrkwx-4d60815d9eb56bc3087aac57c019fb10\">\n.avia-image-container.av-kbwhrkwx-4d60815d9eb56bc3087aac57c019fb10 img.avia_image{\nbox-shadow:none;\n}\n.avia-image-container.av-kbwhrkwx-4d60815d9eb56bc3087aac57c019fb10 .av-image-caption-overlay-center{\ncolor:#ffffff;\n}\n<\/style>\n<div  class='avia-image-container av-kbwhrkwx-4d60815d9eb56bc3087aac57c019fb10 av-styling- avia-align-center  avia-builder-el-6  el_after_av_textblock  avia-builder-el-last '   itemprop=\"image\" itemscope=\"itemscope\" itemtype=\"https:\/\/schema.org\/ImageObject\" ><div class=\"avia-image-container-inner\"><div class=\"avia-image-overlay-wrap\"><img decoding=\"async\" fetchpriority=\"high\" class='wp-image-948 avia-img-lazy-loading-not-948 avia_image ' src=\"https:\/\/www.parathirostoaigaio.gr\/en\/wp-content\/uploads\/2020\/06\/sima_p2_01.jpg\" alt='' title='sima_p2_01'  height=\"1754\" width=\"1241\"  itemprop=\"thumbnailUrl\" srcset=\"https:\/\/www.parathirostoaigaio.gr\/en\/wp-content\/uploads\/2020\/06\/sima_p2_01.jpg 1241w, https:\/\/www.parathirostoaigaio.gr\/en\/wp-content\/uploads\/2020\/06\/sima_p2_01-212x300.jpg 212w, https:\/\/www.parathirostoaigaio.gr\/en\/wp-content\/uploads\/2020\/06\/sima_p2_01-729x1030.jpg 729w, https:\/\/www.parathirostoaigaio.gr\/en\/wp-content\/uploads\/2020\/06\/sima_p2_01-768x1085.jpg 768w, https:\/\/www.parathirostoaigaio.gr\/en\/wp-content\/uploads\/2020\/06\/sima_p2_01-1087x1536.jpg 1087w, https:\/\/www.parathirostoaigaio.gr\/en\/wp-content\/uploads\/2020\/06\/sima_p2_01-1061x1500.jpg 1061w, https:\/\/www.parathirostoaigaio.gr\/en\/wp-content\/uploads\/2020\/06\/sima_p2_01-499x705.jpg 499w, https:\/\/www.parathirostoaigaio.gr\/en\/wp-content\/uploads\/2020\/06\/sima_p2_01-600x848.jpg 600w\" sizes=\"(max-width: 1241px) 100vw, 1241px\" \/><\/div><\/div><\/div><\/p><\/div><\/p>\n","protected":false},"excerpt":{"rendered":"","protected":false},"author":1,"featured_media":0,"parent":0,"menu_order":0,"comment_status":"closed","ping_status":"closed","template":"","meta":{"footnotes":""},"class_list":["post-943","page","type-page","status-publish","hentry"],"yoast_head":"<!-- This site is optimized with the Yoast SEO plugin v27.5 - https:\/\/yoast.com\/product\/yoast-seo-wordpress\/ -->\n<title>Covid19-Compliance - Window in the Aegean 1&amp;2<\/title>\n<meta name=\"description\" content=\"Window in the Aegean 1&amp;2 Covid19-Compliance - Fen\u00eatre sur la mer \u00c9g\u00e9e 1 &amp; 2,Appartements traditionnels lou\u00e9s, \u00eele de Tinos, Cyclades, Gr\u00e8ce\" \/>\n<meta name=\"robots\" content=\"index, follow, max-snippet:-1, max-image-preview:large, max-video-preview:-1\" \/>\n<link rel=\"canonical\" href=\"https:\/\/www.parathirostoaigaio.gr\/en\/covid19-conformite\/\" \/>\n<meta property=\"og:locale\" content=\"el_GR\" \/>\n<meta property=\"og:type\" content=\"article\" \/>\n<meta property=\"og:title\" content=\"Covid19-Compliance - Window in the Aegean 1&amp;2\" \/>\n<meta property=\"og:description\" content=\"Window in the Aegean 1&amp;2 Covid19-Compliance - Fen\u00eatre sur la mer \u00c9g\u00e9e 1 &amp; 2,Appartements traditionnels lou\u00e9s, \u00eele de Tinos, Cyclades, Gr\u00e8ce\" \/>\n<meta property=\"og:url\" content=\"https:\/\/www.parathirostoaigaio.gr\/en\/covid19-conformite\/\" \/>\n<meta property=\"og:site_name\" content=\"Window in the Aegean 1&amp;2\" \/>\n<meta property=\"article:publisher\" content=\"https:\/\/www.facebook.com\/parathirostoaigaio2\/\" \/>\n<meta property=\"article:modified_time\" content=\"2025-01-28T15:32:25+00:00\" \/>\n<meta name=\"twitter:card\" content=\"summary_large_image\" \/>\n<meta name=\"twitter:label1\" content=\"\u0395\u03ba\u03c4\u03b9\u03bc\u03ce\u03bc\u03b5\u03bd\u03bf\u03c2 \u03c7\u03c1\u03cc\u03bd\u03bf\u03c2 \u03b1\u03bd\u03ac\u03b3\u03bd\u03c9\u03c3\u03b7\u03c2\" \/>\n\t<meta name=\"twitter:data1\" content=\"1 \u03bb\u03b5\u03c0\u03c4\u03cc\" \/>\n<script type=\"application\/ld+json\" class=\"yoast-schema-graph\">{\"@context\":\"https:\\\/\\\/schema.org\",\"@graph\":[{\"@type\":\"WebPage\",\"@id\":\"https:\\\/\\\/www.parathirostoaigaio.gr\\\/en\\\/covid19-conformite\\\/\",\"url\":\"https:\\\/\\\/www.parathirostoaigaio.gr\\\/en\\\/covid19-conformite\\\/\",\"name\":\"Covid19-Compliance - Window in the Aegean 1&amp;2\",\"isPartOf\":{\"@id\":\"https:\\\/\\\/www.parathirostoaigaio.gr\\\/en\\\/#website\"},\"datePublished\":\"2020-06-26T17:27:32+00:00\",\"dateModified\":\"2025-01-28T15:32:25+00:00\",\"description\":\"Window in the Aegean 1&amp;2 Covid19-Compliance - Fen\u00eatre sur la mer \u00c9g\u00e9e 1 & 2,Appartements traditionnels lou\u00e9s, \u00eele de Tinos, Cyclades, Gr\u00e8ce\",\"breadcrumb\":{\"@id\":\"https:\\\/\\\/www.parathirostoaigaio.gr\\\/en\\\/covid19-conformite\\\/#breadcrumb\"},\"inLanguage\":\"el\",\"potentialAction\":[{\"@type\":\"ReadAction\",\"target\":[\"https:\\\/\\\/www.parathirostoaigaio.gr\\\/en\\\/covid19-conformite\\\/\"]}]},{\"@type\":\"BreadcrumbList\",\"@id\":\"https:\\\/\\\/www.parathirostoaigaio.gr\\\/en\\\/covid19-conformite\\\/#breadcrumb\",\"itemListElement\":[{\"@type\":\"ListItem\",\"position\":1,\"name\":\"\u0391\u03c1\u03c7\u03b9\u03ba\u03ae\",\"item\":\"https:\\\/\\\/www.parathirostoaigaio.gr\\\/en\\\/welcome\\\/\"},{\"@type\":\"ListItem\",\"position\":2,\"name\":\"Covid19-Compliance\"}]},{\"@type\":\"WebSite\",\"@id\":\"https:\\\/\\\/www.parathirostoaigaio.gr\\\/en\\\/#website\",\"url\":\"https:\\\/\\\/www.parathirostoaigaio.gr\\\/en\\\/\",\"name\":\"Fen\u00eatre sur la Mer Eg\u00e9e 1&2-Appartements lou\u00e9s, \u00eele de Tinos, Cyclades, Gr\u00e8ce\",\"description\":\"Rented Apartments in Tinos Island, Cyclades, Greece\",\"publisher\":{\"@id\":\"https:\\\/\\\/www.parathirostoaigaio.gr\\\/en\\\/#organization\"},\"potentialAction\":[{\"@type\":\"SearchAction\",\"target\":{\"@type\":\"EntryPoint\",\"urlTemplate\":\"https:\\\/\\\/www.parathirostoaigaio.gr\\\/en\\\/?s={search_term_string}\"},\"query-input\":{\"@type\":\"PropertyValueSpecification\",\"valueRequired\":true,\"valueName\":\"search_term_string\"}}],\"inLanguage\":\"el\"},{\"@type\":\"Organization\",\"@id\":\"https:\\\/\\\/www.parathirostoaigaio.gr\\\/en\\\/#organization\",\"name\":\"Fen\u00eatre sur la Mer Eg\u00e9e 1&2-Appartements lou\u00e9s, \u00eele de Tinos, Cyclades, Gr\u00e8ce\",\"url\":\"https:\\\/\\\/www.parathirostoaigaio.gr\\\/en\\\/\",\"logo\":{\"@type\":\"ImageObject\",\"inLanguage\":\"el\",\"@id\":\"https:\\\/\\\/www.parathirostoaigaio.gr\\\/en\\\/#\\\/schema\\\/logo\\\/image\\\/\",\"url\":\"https:\\\/\\\/www.parathirostoaigaio.gr\\\/en\\\/wp-content\\\/uploads\\\/2020\\\/06\\\/Image_13.jpg\",\"contentUrl\":\"https:\\\/\\\/www.parathirostoaigaio.gr\\\/en\\\/wp-content\\\/uploads\\\/2020\\\/06\\\/Image_13.jpg\",\"width\":1930,\"height\":1286,\"caption\":\"Fen\u00eatre sur la Mer Eg\u00e9e 1&2-Appartements lou\u00e9s, \u00eele de Tinos, Cyclades, Gr\u00e8ce\"},\"image\":{\"@id\":\"https:\\\/\\\/www.parathirostoaigaio.gr\\\/en\\\/#\\\/schema\\\/logo\\\/image\\\/\"},\"sameAs\":[\"https:\\\/\\\/www.facebook.com\\\/parathirostoaigaio2\\\/\"]}]}<\/script>\n<!-- \/ Yoast SEO plugin. -->","yoast_head_json":{"title":"Covid19-Compliance - Window in the Aegean 1&amp;2","description":"Window in the Aegean 1&amp;2 Covid19-Compliance - Fen\u00eatre sur la mer \u00c9g\u00e9e 1 & 2,Appartements traditionnels lou\u00e9s, \u00eele de Tinos, Cyclades, Gr\u00e8ce","robots":{"index":"index","follow":"follow","max-snippet":"max-snippet:-1","max-image-preview":"max-image-preview:large","max-video-preview":"max-video-preview:-1"},"canonical":"https:\/\/www.parathirostoaigaio.gr\/en\/covid19-conformite\/","og_locale":"el_GR","og_type":"article","og_title":"Covid19-Compliance - Window in the Aegean 1&amp;2","og_description":"Window in the Aegean 1&amp;2 Covid19-Compliance - Fen\u00eatre sur la mer \u00c9g\u00e9e 1 & 2,Appartements traditionnels lou\u00e9s, \u00eele de Tinos, Cyclades, Gr\u00e8ce","og_url":"https:\/\/www.parathirostoaigaio.gr\/en\/covid19-conformite\/","og_site_name":"Window in the Aegean 1&amp;2","article_publisher":"https:\/\/www.facebook.com\/parathirostoaigaio2\/","article_modified_time":"2025-01-28T15:32:25+00:00","twitter_card":"summary_large_image","twitter_misc":{"\u0395\u03ba\u03c4\u03b9\u03bc\u03ce\u03bc\u03b5\u03bd\u03bf\u03c2 \u03c7\u03c1\u03cc\u03bd\u03bf\u03c2 \u03b1\u03bd\u03ac\u03b3\u03bd\u03c9\u03c3\u03b7\u03c2":"1 \u03bb\u03b5\u03c0\u03c4\u03cc"},"schema":{"@context":"https:\/\/schema.org","@graph":[{"@type":"WebPage","@id":"https:\/\/www.parathirostoaigaio.gr\/en\/covid19-conformite\/","url":"https:\/\/www.parathirostoaigaio.gr\/en\/covid19-conformite\/","name":"Covid19-Compliance - Window in the Aegean 1&amp;2","isPartOf":{"@id":"https:\/\/www.parathirostoaigaio.gr\/en\/#website"},"datePublished":"2020-06-26T17:27:32+00:00","dateModified":"2025-01-28T15:32:25+00:00","description":"Window in the Aegean 1&amp;2 Covid19-Compliance - Fen\u00eatre sur la mer \u00c9g\u00e9e 1 & 2,Appartements traditionnels lou\u00e9s, \u00eele de Tinos, Cyclades, Gr\u00e8ce","breadcrumb":{"@id":"https:\/\/www.parathirostoaigaio.gr\/en\/covid19-conformite\/#breadcrumb"},"inLanguage":"el","potentialAction":[{"@type":"ReadAction","target":["https:\/\/www.parathirostoaigaio.gr\/en\/covid19-conformite\/"]}]},{"@type":"BreadcrumbList","@id":"https:\/\/www.parathirostoaigaio.gr\/en\/covid19-conformite\/#breadcrumb","itemListElement":[{"@type":"ListItem","position":1,"name":"\u0391\u03c1\u03c7\u03b9\u03ba\u03ae","item":"https:\/\/www.parathirostoaigaio.gr\/en\/welcome\/"},{"@type":"ListItem","position":2,"name":"Covid19-Compliance"}]},{"@type":"WebSite","@id":"https:\/\/www.parathirostoaigaio.gr\/en\/#website","url":"https:\/\/www.parathirostoaigaio.gr\/en\/","name":"Fen\u00eatre sur la Mer Eg\u00e9e 1&2-Appartements lou\u00e9s, \u00eele de Tinos, Cyclades, Gr\u00e8ce","description":"Rented Apartments in Tinos Island, Cyclades, Greece","publisher":{"@id":"https:\/\/www.parathirostoaigaio.gr\/en\/#organization"},"potentialAction":[{"@type":"SearchAction","target":{"@type":"EntryPoint","urlTemplate":"https:\/\/www.parathirostoaigaio.gr\/en\/?s={search_term_string}"},"query-input":{"@type":"PropertyValueSpecification","valueRequired":true,"valueName":"search_term_string"}}],"inLanguage":"el"},{"@type":"Organization","@id":"https:\/\/www.parathirostoaigaio.gr\/en\/#organization","name":"Fen\u00eatre sur la Mer Eg\u00e9e 1&2-Appartements lou\u00e9s, \u00eele de Tinos, Cyclades, Gr\u00e8ce","url":"https:\/\/www.parathirostoaigaio.gr\/en\/","logo":{"@type":"ImageObject","inLanguage":"el","@id":"https:\/\/www.parathirostoaigaio.gr\/en\/#\/schema\/logo\/image\/","url":"https:\/\/www.parathirostoaigaio.gr\/en\/wp-content\/uploads\/2020\/06\/Image_13.jpg","contentUrl":"https:\/\/www.parathirostoaigaio.gr\/en\/wp-content\/uploads\/2020\/06\/Image_13.jpg","width":1930,"height":1286,"caption":"Fen\u00eatre sur la Mer Eg\u00e9e 1&2-Appartements lou\u00e9s, \u00eele de Tinos, Cyclades, Gr\u00e8ce"},"image":{"@id":"https:\/\/www.parathirostoaigaio.gr\/en\/#\/schema\/logo\/image\/"},"sameAs":["https:\/\/www.facebook.com\/parathirostoaigaio2\/"]}]}},"_links":{"self":[{"href":"https:\/\/www.parathirostoaigaio.gr\/en\/wp-json\/wp\/v2\/pages\/943","targetHints":{"allow":["GET"]}}],"collection":[{"href":"https:\/\/www.parathirostoaigaio.gr\/en\/wp-json\/wp\/v2\/pages"}],"about":[{"href":"https:\/\/www.parathirostoaigaio.gr\/en\/wp-json\/wp\/v2\/types\/page"}],"author":[{"embeddable":true,"href":"https:\/\/www.parathirostoaigaio.gr\/en\/wp-json\/wp\/v2\/users\/1"}],"replies":[{"embeddable":true,"href":"https:\/\/www.parathirostoaigaio.gr\/en\/wp-json\/wp\/v2\/comments?post=943"}],"version-history":[{"count":4,"href":"https:\/\/www.parathirostoaigaio.gr\/en\/wp-json\/wp\/v2\/pages\/943\/revisions"}],"predecessor-version":[{"id":1123,"href":"https:\/\/www.parathirostoaigaio.gr\/en\/wp-json\/wp\/v2\/pages\/943\/revisions\/1123"}],"wp:attachment":[{"href":"https:\/\/www.parathirostoaigaio.gr\/en\/wp-json\/wp\/v2\/media?parent=943"}],"curies":[{"name":"wp","href":"https:\/\/api.w.org\/{rel}","templated":true}]}}